{"id":14584,"date":"2022-03-11T14:37:00","date_gmt":"2022-03-11T14:37:00","guid":{"rendered":"http:\/\/startrust.eggscience.com\/confidentialite-des-donnees\/"},"modified":"2024-09-08T11:38:11","modified_gmt":"2024-09-08T11:38:11","slug":"confidentialite-des-donnees","status":"publish","type":"page","link":"https:\/\/startrust.eggscience.com\/fr\/confidentialite-des-donnees\/","title":{"rendered":"Confidentialit\u00e9 des donn\u00e9es"},"content":{"rendered":"\n<h2 class=\"wp-block-heading\">Votre vie priv\u00e9e est tr\u00e8s importante !<\/h2>\n\n<p>Chez Startrust, nous consid\u00e9rons que le droit au secret, \u00e0 la confidentialit\u00e9, \u00e0 la vie priv\u00e9e et \u00e0 la s\u00e9curit\u00e9 des donn\u00e9es personnelles est de la plus haute importance.\nC&rsquo;est pourquoi nous respectons et assurons votre protection, conform\u00e9ment \u00e0 la <strong>loi g\u00e9n\u00e9rale sur la protection des donn\u00e9es (LGPD &#8211; loi n\u00b0 13.709\/18)<\/strong> et \u00e0 la l\u00e9gislation subordonn\u00e9e. <\/p>\n\n<p>Par cons\u00e9quent, en acc\u00e9dant \u00e0 notre plateforme en ligne pour remplir les questionnaires standardis\u00e9s d&rsquo;analyse comportementale en ligne (\u00e9valuation), vous, l&#8217;employ\u00e9 de notre client contractuel, pouvez partager vos donn\u00e9es personnelles (nom, adresse \u00e9lectronique et num\u00e9ro de t\u00e9l\u00e9phone) avec nous, pour autant que vous le fassiez de mani\u00e8re volontaire et spontan\u00e9e.\nL&rsquo;objectif de cette collecte de donn\u00e9es par les outils d&rsquo;\u00e9valuation est de mesurer les comp\u00e9tences en analysant le comportement et de promouvoir le d\u00e9veloppement.\nLe fait de remplir et de nous envoyer vos donn\u00e9es personnelles refl\u00e8te donc votre accord explicite avec cette finalit\u00e9.  <\/p>\n\n<p>Pour mener \u00e0 bien ce travail, Startrust peut partager vos donn\u00e9es personnelles avec des collaborateurs et des partenaires directement impliqu\u00e9s dans le projet, qui sont tous d\u00fbment li\u00e9s par la m\u00eame politique de confidentialit\u00e9 qui guide notre travail.<\/p>\n\n<p>Startrust conservera vos donn\u00e9es personnelles stock\u00e9es sous forme num\u00e9rique pendant la dur\u00e9e du contrat ou, dans d&rsquo;autres cas, pendant une p\u00e9riode maximale de 12 (douze) mois.<\/p>\n\n<p>Si vous souhaitez demander la suppression de vos donn\u00e9es de notre base de donn\u00e9es, il vous suffit d&rsquo;envoyer un e-mail au contact <strong>contact@eggscience.com \u00e0 tout moment,<\/strong> en indiquant votre nom complet et votre num\u00e9ro de s\u00e9curit\u00e9 sociale.\nVos donn\u00e9es seront supprim\u00e9es dans les 24 heures suivant la r\u00e9ception de votre demande. <\/p>\n\n<p>Startrust souligne enfin que l&rsquo;art. 18 de la loi g\u00e9n\u00e9rale sur la protection des donn\u00e9es garantit au d\u00e9tenteur de donn\u00e9es personnelles partag\u00e9es avec des tiers le droit d&rsquo;obtenir du destinataire respectif, \u00e0 tout moment, la confirmation de l&rsquo;existence du traitement, l&rsquo;acc\u00e8s, la correction\/modification des donn\u00e9es, l&rsquo;anonymisation, le blocage ou la suppression des donn\u00e9es, la portabilit\u00e9 des donn\u00e9es vers un autre fournisseur de services ou de produits, des informations sur les entit\u00e9s avec lesquelles les donn\u00e9es peuvent avoir \u00e9t\u00e9 partag\u00e9es, des informations sur la possibilit\u00e9 de ne pas donner son consentement au traitement des donn\u00e9es et les cons\u00e9quences du refus de le faire et, enfin, de r\u00e9voquer son consentement au partage.<\/p>\n","protected":false},"excerpt":{"rendered":"<p>Votre vie priv\u00e9e est tr\u00e8s importante ! Chez Startrust, nous consid\u00e9rons que le droit au secret, \u00e0 la confidentialit\u00e9, \u00e0 la vie priv\u00e9e et \u00e0 la s\u00e9curit\u00e9 des donn\u00e9es personnelles est de la plus haute importance. C&rsquo;est pourquoi nous respectons et assurons votre protection, conform\u00e9ment \u00e0 la loi g\u00e9n\u00e9rale sur la protection des donn\u00e9es (LGPD &#8211; loi n\u00b0 13.709\/18) et \u00e0 la l\u00e9gislation subordonn\u00e9e. Par cons\u00e9quent, en acc\u00e9dant \u00e0 notre plateforme en ligne pour remplir les questionnaires standardis\u00e9s d&rsquo;analyse comportementale en ligne (\u00e9valuation), vous, l&#8217;employ\u00e9 de notre client contractuel, pouvez partager vos donn\u00e9es personnelles (nom, adresse \u00e9lectronique et num\u00e9ro de&#8230;<\/p>\n","protected":false},"author":5,"featured_media":0,"parent":0,"menu_order":0,"comment_status":"closed","ping_status":"closed","template":"","meta":{"footnotes":""},"class_list":["post-14584","page","type-page","status-publish","hentry"],"_links":{"self":[{"href":"https:\/\/startrust.eggscience.com\/fr\/wp-json\/wp\/v2\/pages\/14584","targetHints":{"allow":["GET"]}}],"collection":[{"href":"https:\/\/startrust.eggscience.com\/fr\/wp-json\/wp\/v2\/pages"}],"about":[{"href":"https:\/\/startrust.eggscience.com\/fr\/wp-json\/wp\/v2\/types\/page"}],"author":[{"embeddable":true,"href":"https:\/\/startrust.eggscience.com\/fr\/wp-json\/wp\/v2\/users\/5"}],"replies":[{"embeddable":true,"href":"https:\/\/startrust.eggscience.com\/fr\/wp-json\/wp\/v2\/comments?post=14584"}],"version-history":[{"count":1,"href":"https:\/\/startrust.eggscience.com\/fr\/wp-json\/wp\/v2\/pages\/14584\/revisions"}],"predecessor-version":[{"id":14585,"href":"https:\/\/startrust.eggscience.com\/fr\/wp-json\/wp\/v2\/pages\/14584\/revisions\/14585"}],"wp:attachment":[{"href":"https:\/\/startrust.eggscience.com\/fr\/wp-json\/wp\/v2\/media?parent=14584"}],"curies":[{"name":"wp","href":"https:\/\/api.w.org\/{rel}","templated":true}]}}