{"id":12390,"date":"2022-07-28T00:32:55","date_gmt":"2022-07-28T00:32:55","guid":{"rendered":"https:\/\/startrust.eggscience.app\/?page_id=12390"},"modified":"2025-06-17T15:58:11","modified_gmt":"2025-06-17T15:58:11","slug":"restitution-startrust-personal","status":"publish","type":"page","link":"https:\/\/startrust.eggscience.com\/fr\/restitution-startrust-personal\/","title":{"rendered":"Restitution Startrust Personal"},"content":{"rendered":"\t\t<div data-elementor-type=\"wp-page\" data-elementor-id=\"12390\" class=\"elementor elementor-12390 elementor-12389\">\n\t\t\t\t\t\t<section class=\"elementor-section elementor-top-section elementor-element elementor-element-1734eb4 elementor-section-full_width elementor-section-height-default elementor-section-height-default\" data-id=\"1734eb4\" data-element_type=\"section\" data-e-type=\"section\">\n\t\t\t\t\t\t\t<div class=\"elementor-background-overlay\"><\/div>\n\t\t\t\t\t\t\t<div class=\"elementor-container elementor-column-gap-no\">\n\t\t\t\t\t<div class=\"elementor-column elementor-col-100 elementor-top-column elementor-element elementor-element-36e5528\" data-id=\"36e5528\" data-element_type=\"column\" data-e-type=\"column\">\n\t\t\t<div class=\"elementor-widget-wrap\">\n\t\t\t\t\t\t\t<\/div>\n\t\t<\/div>\n\t\t\t\t\t<\/div>\n\t\t<\/section>\n\t\t\t\t<section class=\"elementor-section elementor-top-section elementor-element elementor-element-772b408 elementor-section-boxed elementor-section-height-default elementor-section-height-default\" data-id=\"772b408\" data-element_type=\"section\" data-e-type=\"section\">\n\t\t\t\t\t\t<div class=\"elementor-container elementor-column-gap-default\">\n\t\t\t\t\t<div class=\"elementor-column elementor-col-100 elementor-top-column elementor-element elementor-element-3810e32\" data-id=\"3810e32\" data-element_type=\"column\" data-e-type=\"column\">\n\t\t\t<div class=\"elementor-widget-wrap elementor-element-populated\">\n\t\t\t\t\t\t<div class=\"elementor-element elementor-element-2579ed8 elementor-widget elementor-widget-text-editor\" data-id=\"2579ed8\" data-element_type=\"widget\" data-e-type=\"widget\" data-widget_type=\"text-editor.default\">\n\t\t\t\t<div class=\"elementor-widget-container\">\n\t\t\t\t\t\t\t\t\t<h4><strong>Vous avez rempli le formulaire Startrust personnel ?<\/strong><br \/><strong>Vous avez d\u00e9j\u00e0 re\u00e7u votre rapport personnalis\u00e9 ?<\/strong><\/h4><h4>Comprenez vos r\u00e9sultats\u00a0 et obtenez les r\u00e9ponses \u00e0 vos questions avec Nicolas Gounin, co-fondateur de EGG Science.<\/h4>\t\t\t\t\t\t\t\t<\/div>\n\t\t\t\t<\/div>\n\t\t\t\t\t<\/div>\n\t\t<\/div>\n\t\t\t\t\t<\/div>\n\t\t<\/section>\n\t\t\t\t<section class=\"elementor-section elementor-top-section elementor-element elementor-element-71de949 elementor-section-boxed elementor-section-height-default elementor-section-height-default\" data-id=\"71de949\" data-element_type=\"section\" data-e-type=\"section\">\n\t\t\t\t\t\t<div class=\"elementor-container elementor-column-gap-default\">\n\t\t\t\t\t<div class=\"elementor-column elementor-col-100 elementor-top-column elementor-element elementor-element-98e1814\" data-id=\"98e1814\" data-element_type=\"column\" data-e-type=\"column\">\n\t\t\t<div class=\"elementor-widget-wrap elementor-element-populated\">\n\t\t\t\t\t\t<div class=\"elementor-element elementor-element-3aa39da elementor-widget elementor-widget-video\" data-id=\"3aa39da\" data-element_type=\"widget\" data-e-type=\"widget\" data-settings=\"{&quot;video_type&quot;:&quot;vimeo&quot;}\" data-widget_type=\"video.default\">\n\t\t\t\t<div class=\"elementor-widget-container\">\n\t\t\t\t\t\t\t<div class=\"elementor-wrapper elementor-open-inline\">\n\t\t\t<iframe class=\"elementor-video-iframe\" allowfullscreen allow=\"clipboard-write\" title=\"Lecteur vid\u00e9o vimeo\" src=\"https:\/\/player.vimeo.com\/video\/760848111?color&amp;autopause=0&amp;loop=0&amp;muted=0&amp;title=1&amp;portrait=1&amp;byline=1&amp;h=b60a02ac8b#t=\"><\/iframe>\t\t<\/div>\n\t\t\t\t\t\t<\/div>\n\t\t\t\t<\/div>\n\t\t\t\t\t<\/div>\n\t\t<\/div>\n\t\t\t\t\t<\/div>\n\t\t<\/section>\n\t\t\t\t<section class=\"elementor-section elementor-top-section elementor-element elementor-element-63d03b2 elementor-section-boxed elementor-section-height-default elementor-section-height-default\" data-id=\"63d03b2\" data-element_type=\"section\" data-e-type=\"section\">\n\t\t\t\t\t\t<div class=\"elementor-container elementor-column-gap-default\">\n\t\t\t\t\t<div class=\"elementor-column elementor-col-100 elementor-top-column elementor-element elementor-element-dea155a\" data-id=\"dea155a\" data-element_type=\"column\" data-e-type=\"column\">\n\t\t\t<div class=\"elementor-widget-wrap elementor-element-populated\">\n\t\t\t\t\t\t<div class=\"elementor-element elementor-element-0393b55 elementor-widget elementor-widget-text-editor\" data-id=\"0393b55\" data-element_type=\"widget\" data-e-type=\"widget\" data-widget_type=\"text-editor.default\">\n\t\t\t\t<div class=\"elementor-widget-container\">\n\t\t\t\t\t\t\t\t\t<h4><strong>Vous souhaitez aller plus loin et d\u00e9velopper la qualit\u00e9 de vos relations personnelles ou professionnelles ?<br \/><\/strong><a href=\"https:\/\/startrust.eggscience.com\/fr\/loutil\/\" target=\"_blank\" rel=\"noopener\">Cliquez ici pour trouver votre<\/a><strong>\u00a0 pour trouver votre<a href=\"https:\/\/startrust.eggscience.com\/fr\/pour-les-entreprises\/\">Advisor Startrust<\/a>\u00a0<a href=\"https:\/\/startrust.eggscience.com\/fr\/pour-les-entreprises\/\">Certifi\u00e9<\/a><\/strong><\/h4>\t\t\t\t\t\t\t\t<\/div>\n\t\t\t\t<\/div>\n\t\t\t\t<div class=\"elementor-element elementor-element-fccaf96 elementor-widget-divider--separator-type-pattern elementor-widget-divider--view-line elementor-widget elementor-widget-divider\" data-id=\"fccaf96\" data-element_type=\"widget\" data-e-type=\"widget\" data-widget_type=\"divider.default\">\n\t\t\t\t<div class=\"elementor-widget-container\">\n\t\t\t\t\t\t\t<div class=\"elementor-divider\" style=\"--divider-pattern-url: url(&quot;data:image\/svg+xml,%3Csvg xmlns=&#039;http:\/\/www.w3.org\/2000\/svg&#039; preserveAspectRatio=&#039;none&#039; overflow=&#039;visible&#039; height=&#039;100%&#039; viewBox=&#039;0 0 24 24&#039; fill=&#039;none&#039; stroke=&#039;black&#039; stroke-width=&#039;1&#039; stroke-linecap=&#039;square&#039; stroke-miterlimit=&#039;10&#039;%3E%3Cpath d=&#039;M0,6c6,0,0.9,11.1,6.9,11.1S18,6,24,6&#039;\/%3E%3C\/svg%3E&quot;);\">\n\t\t\t<span class=\"elementor-divider-separator\">\n\t\t\t\t\t\t<\/span>\n\t\t<\/div>\n\t\t\t\t\t\t<\/div>\n\t\t\t\t<\/div>\n\t\t\t\t<div class=\"elementor-element elementor-element-9a6503d elementor-widget elementor-widget-text-editor\" data-id=\"9a6503d\" data-element_type=\"widget\" data-e-type=\"widget\" data-widget_type=\"text-editor.default\">\n\t\t\t\t<div class=\"elementor-widget-container\">\n\t\t\t\t\t\t\t\t\t<h4><strong>\u00cates-vous un <u>coach, un mentor<\/u> ou simplement un <u>gestionnaire de personnes <\/u>?<\/strong><br \/><a href=\"https:\/\/startrust.eggscience.com\/fr\/loutil\/\" target=\"_blank\" rel=\"noopener\">Cliquez ici pour en savoir plus<\/a> <a href=\"https:\/\/startrust.eggscience.com\/fr\/loutil\/\">sur les versions professionnelles de Startrust !<\/a><\/h4>\t\t\t\t\t\t\t\t<\/div>\n\t\t\t\t<\/div>\n\t\t\t\t\t<\/div>\n\t\t<\/div>\n\t\t\t\t\t<\/div>\n\t\t<\/section>\n\t\t\t\t<section class=\"elementor-section elementor-top-section elementor-element elementor-element-fa8162e elementor-section-boxed elementor-section-height-default elementor-section-height-default\" data-id=\"fa8162e\" data-element_type=\"section\" data-e-type=\"section\">\n\t\t\t\t\t\t<div class=\"elementor-container elementor-column-gap-default\">\n\t\t\t\t\t<div class=\"elementor-column elementor-col-100 elementor-top-column elementor-element elementor-element-80929ec\" data-id=\"80929ec\" data-element_type=\"column\" data-e-type=\"column\">\n\t\t\t<div class=\"elementor-widget-wrap elementor-element-populated\">\n\t\t\t\t\t\t<div class=\"elementor-element elementor-element-fd22cb1 elementor-widget elementor-widget-image\" data-id=\"fd22cb1\" data-element_type=\"widget\" data-e-type=\"widget\" data-widget_type=\"image.default\">\n\t\t\t\t<div class=\"elementor-widget-container\">\n\t\t\t\t\t\t\t\t\t\t\t\t\t\t\t<img fetchpriority=\"high\" decoding=\"async\" width=\"1024\" height=\"374\" src=\"https:\/\/startrust.eggscience.com\/wp-content\/uploads\/2025\/06\/Imagem10-Site-Startrust-France-1024x374.png\" class=\"attachment-large size-large wp-image-14892\" alt=\"\" srcset=\"https:\/\/startrust.eggscience.com\/wp-content\/uploads\/2025\/06\/Imagem10-Site-Startrust-France-1024x374.png 1024w, https:\/\/startrust.eggscience.com\/wp-content\/uploads\/2025\/06\/Imagem10-Site-Startrust-France-300x110.png 300w, https:\/\/startrust.eggscience.com\/wp-content\/uploads\/2025\/06\/Imagem10-Site-Startrust-France-768x280.png 768w, https:\/\/startrust.eggscience.com\/wp-content\/uploads\/2025\/06\/Imagem10-Site-Startrust-France-1536x561.png 1536w, https:\/\/startrust.eggscience.com\/wp-content\/uploads\/2025\/06\/Imagem10-Site-Startrust-France-2048x748.png 2048w\" sizes=\"(max-width: 1024px) 100vw, 1024px\" \/>\t\t\t\t\t\t\t\t\t\t\t\t\t\t\t<\/div>\n\t\t\t\t<\/div>\n\t\t\t\t\t<\/div>\n\t\t<\/div>\n\t\t\t\t\t<\/div>\n\t\t<\/section>\n\t\t\t\t<section class=\"elementor-section elementor-top-section elementor-element elementor-element-c9e8cb6 elementor-section-boxed elementor-section-height-default elementor-section-height-default\" data-id=\"c9e8cb6\" data-element_type=\"section\" data-e-type=\"section\">\n\t\t\t\t\t\t<div class=\"elementor-container elementor-column-gap-default\">\n\t\t\t\t\t<div class=\"elementor-column elementor-col-100 elementor-top-column elementor-element elementor-element-4a845a0\" data-id=\"4a845a0\" data-element_type=\"column\" data-e-type=\"column\">\n\t\t\t<div class=\"elementor-widget-wrap\">\n\t\t\t\t\t\t\t<\/div>\n\t\t<\/div>\n\t\t\t\t\t<\/div>\n\t\t<\/section>\n\t\t\t\t<\/div>\n\t\t","protected":false},"excerpt":{"rendered":"<p>Startrust Personal Restitution personnelle et pistes d&rsquo;am\u00e9lioration Vous avez rempli le formulaire Startrust personnel ?Vous avez d\u00e9j\u00e0 re\u00e7u votre rapport personnalis\u00e9 ? Comprenez vos r\u00e9sultats\u00a0 et obtenez les r\u00e9ponses \u00e0 vos questions avec Nicolas Gounin, co-fondateur de EGG Science. https:\/\/vimeo.com\/760848111\/b60a02ac8b?ts=0&#038;share=copy Vous souhaitez aller plus loin et d\u00e9velopper la qualit\u00e9 de vos relations personnelles ou professionnelles ?Cliquez ici pour trouver votre\u00a0 pour trouver votreAdvisor Startrust\u00a0Certifi\u00e9 \u00cates-vous un coach, un mentor ou simplement un gestionnaire de personnes ?Cliquez ici pour en savoir plus sur les versions professionnelles de Startrust ! D\u00e9veloppez votre business gr\u00e2ce \u00e0 la gestion de la confiance Comment devenir&#8230;<\/p>\n","protected":false},"author":5,"featured_media":0,"parent":0,"menu_order":0,"comment_status":"closed","ping_status":"closed","template":"elementor_header_footer","meta":{"footnotes":""},"class_list":["post-12390","page","type-page","status-publish","hentry"],"_links":{"self":[{"href":"https:\/\/startrust.eggscience.com\/fr\/wp-json\/wp\/v2\/pages\/12390","targetHints":{"allow":["GET"]}}],"collection":[{"href":"https:\/\/startrust.eggscience.com\/fr\/wp-json\/wp\/v2\/pages"}],"about":[{"href":"https:\/\/startrust.eggscience.com\/fr\/wp-json\/wp\/v2\/types\/page"}],"author":[{"embeddable":true,"href":"https:\/\/startrust.eggscience.com\/fr\/wp-json\/wp\/v2\/users\/5"}],"replies":[{"embeddable":true,"href":"https:\/\/startrust.eggscience.com\/fr\/wp-json\/wp\/v2\/comments?post=12390"}],"version-history":[{"count":88,"href":"https:\/\/startrust.eggscience.com\/fr\/wp-json\/wp\/v2\/pages\/12390\/revisions"}],"predecessor-version":[{"id":14918,"href":"https:\/\/startrust.eggscience.com\/fr\/wp-json\/wp\/v2\/pages\/12390\/revisions\/14918"}],"wp:attachment":[{"href":"https:\/\/startrust.eggscience.com\/fr\/wp-json\/wp\/v2\/media?parent=12390"}],"curies":[{"name":"wp","href":"https:\/\/api.w.org\/{rel}","templated":true}]}}