{"id":10178,"date":"2020-08-12T07:29:31","date_gmt":"2020-08-12T07:29:31","guid":{"rendered":"https:\/\/startrust.eggscience.app\/a-propos-de-startrust-2\/"},"modified":"2024-11-08T17:05:08","modified_gmt":"2024-11-08T17:05:08","slug":"a-propos-de-startrust-2","status":"publish","type":"page","link":"https:\/\/startrust.eggscience.com\/fr\/a-propos-de-startrust-2\/","title":{"rendered":"A propos de Startrust"},"content":{"rendered":"\t\t<div data-elementor-type=\"wp-page\" data-elementor-id=\"10178\" class=\"elementor elementor-10178 elementor-158\">\n\t\t\t\t\t\t<section class=\"elementor-section elementor-top-section elementor-element elementor-element-7e00785 elementor-section-full_width elementor-section-height-default elementor-section-height-default\" data-id=\"7e00785\" data-element_type=\"section\">\n\t\t\t\t\t\t<div class=\"elementor-container elementor-column-gap-no\">\n\t\t\t\t\t<div class=\"elementor-column elementor-col-100 elementor-top-column elementor-element elementor-element-6cfc27f\" data-id=\"6cfc27f\" data-element_type=\"column\">\n\t\t\t<div class=\"elementor-widget-wrap elementor-element-populated\">\n\t\t\t\t\t\t<div class=\"elementor-element elementor-element-7d2fc8d elementor-widget elementor-widget-page-title\" data-id=\"7d2fc8d\" data-element_type=\"widget\" data-widget_type=\"page-title.default\">\n\t\t\t\t<div class=\"elementor-widget-container\">\n\t\t\t<div class=\"page-title custom-height pt-has-bg-img pt-align-center\" style=\"background-image: url(https:\/\/ajdethemes.com\/adri-v2-data\/impact-mp\/wp-content\/uploads\/2021\/08\/pt-bg-12.jpg);\"><div class=\"container\"><div class=\"row\"><div class=\"col-lg-12\"><div class=\"pt-style-2\"><h1 class=\"entry-title\">A propos de Startrust<\/h1><\/div><\/div><\/div><\/div><\/div>\t\t<\/div>\n\t\t\t\t<\/div>\n\t\t\t\t\t<\/div>\n\t\t<\/div>\n\t\t\t\t\t<\/div>\n\t\t<\/section>\n\t\t\t\t<section class=\"elementor-section elementor-top-section elementor-element elementor-element-86022c0 elementor-section-boxed elementor-section-height-default elementor-section-height-default\" data-id=\"86022c0\" data-element_type=\"section\" data-settings=\"{&quot;background_background&quot;:&quot;classic&quot;}\">\n\t\t\t\t\t\t<div class=\"elementor-container elementor-column-gap-default\">\n\t\t\t\t\t<div class=\"elementor-column elementor-col-100 elementor-top-column elementor-element elementor-element-db2f352\" data-id=\"db2f352\" data-element_type=\"column\">\n\t\t\t<div class=\"elementor-widget-wrap elementor-element-populated\">\n\t\t\t\t\t\t<div class=\"elementor-element elementor-element-6313ea7 elementor-widget__width-initial elementor-widget elementor-widget-adri-ajdethemes-elements-intro\" data-id=\"6313ea7\" data-element_type=\"widget\" data-widget_type=\"adri-ajdethemes-elements-intro.default\">\n\t\t\t\t<div class=\"elementor-widget-container\">\n\t\t\t<figure class=\"ft-intro\"><div class=\"ft-i-img-wrapper\"><img decoding=\"async\"  src=\"http:\/\/startrust.eggscience.com\/wp-content\/uploads\/2023\/05\/Sextant-V.jpg\" alt=\"<b>Qu'est-ce que \"Startrust\"?<\/b>\"><\/div><figcaption><div class=\"ft-i-title\"><div class=\"section-title st-underline\"><h4 class=\"st-title\"><b>Qu'est-ce que \"Startrust\"?<\/b><\/h4><\/div><\/div><div class=\"ft-i-description\"><p>Dans le pass\u00e9, quand il n'existait pas de technologie GPS, les navigateurs itin\u00e9rants devaient trouver des moyens de s'orienter lors de leurs voyages en mer depuis leur plus grand ils \u00e9taient les guides.<\/p><p>Malgr\u00e9 la haute mer, ces navigateurs n'avaient besoin que de localiser des \u00e9toiles sp\u00e9cifiques pour pouvoir tracer des itin\u00e9raires. Ces \u00e9toiles fiables \u00e9taient l\u00e0 chaque fois que des r\u00e9ponses \u00e9taient n\u00e9cessaires et ont inspir\u00e9 les grandes d\u00e9couvertes qui influencent. jusqu'\u00e0 aujourd'hui. Notre capacit\u00e9 \u00e0 nous orienter et \u00e0 prendre des d\u00e9cisions d\u00e9termine la r\u00e9alisation de nos objectifs et notre bonheur.<\/p><p>En ce sens, la confiance est notre sextant, l'instrument des marins pour se guider \u00e0 travers le \u00e9toiles. conditionne nos choix et est pr\u00e9sente dans presque tous les types de relations.<\/p><p>\u00a0<\/p><\/div><div class=\"ft-i-footer\"><div class=\"ft-i-footer-info\"><\/div><\/div><\/figcaption><\/figure>\r\n\r\n\t\t\t\t<\/div>\n\t\t\t\t<\/div>\n\t\t\t\t\t<\/div>\n\t\t<\/div>\n\t\t\t\t\t<\/div>\n\t\t<\/section>\n\t\t\t\t<section class=\"elementor-section elementor-top-section elementor-element elementor-element-622f89d elementor-section-boxed elementor-section-height-default elementor-section-height-default\" data-id=\"622f89d\" data-element_type=\"section\">\n\t\t\t\t\t\t<div class=\"elementor-container elementor-column-gap-default\">\n\t\t\t\t\t<div class=\"elementor-column elementor-col-100 elementor-top-column elementor-element elementor-element-bdb8651\" data-id=\"bdb8651\" data-element_type=\"column\">\n\t\t\t<div class=\"elementor-widget-wrap elementor-element-populated\">\n\t\t\t\t\t\t<div class=\"elementor-element elementor-element-9de69c8 elementor-widget elementor-widget-section-title\" data-id=\"9de69c8\" data-element_type=\"widget\" data-widget_type=\"section-title.default\">\n\t\t\t\t<div class=\"elementor-widget-container\">\n\t\t\t<div class=\"section-title\"><span class=\"st-subtitle\">Notre histoire<\/span><h2 class=\"st-title\">Tout a commenc\u00e9 en 2012...<\/h2><\/div>\t\t<\/div>\n\t\t\t\t<\/div>\n\t\t\t\t\t<\/div>\n\t\t<\/div>\n\t\t\t\t\t<\/div>\n\t\t<\/section>\n\t\t\t\t<section class=\"elementor-section elementor-top-section elementor-element elementor-element-4fd9896 elementor-section-boxed elementor-section-height-default elementor-section-height-default\" data-id=\"4fd9896\" data-element_type=\"section\">\n\t\t\t\t\t\t<div class=\"elementor-container elementor-column-gap-default\">\n\t\t\t\t\t<div class=\"elementor-column elementor-col-100 elementor-top-column elementor-element elementor-element-15e2e5d\" data-id=\"15e2e5d\" data-element_type=\"column\">\n\t\t\t<div class=\"elementor-widget-wrap elementor-element-populated\">\n\t\t\t\t\t\t<div class=\"elementor-element elementor-element-b804883 elementor-widget elementor-widget-ft-timeline\" data-id=\"b804883\" data-element_type=\"widget\" data-widget_type=\"ft-timeline.default\">\n\t\t\t\t<div class=\"elementor-widget-container\">\n\t\t\t<div class=\"ft-timeline style-compact\"><ul><li><div class=\"ft-timeline-date\"><\/div><span class=\"ft-timeline-dot \"><\/span><div class=\"ft-timeline-content\"><h4 class=\"ft-timeline-title\">2012<\/h4><div class=\"ft-timeline-description\"><p>Un groupe de r\u00e9flexion compos\u00e9 de plus de 100 personnes issues de diff\u00e9rents horizons (entrepreneurs, m\u00e9decins, politiques, avocats, etc.) s'est r\u00e9uni \u00e0 Paris, en France, pour \u00e9tudier les motivations de la confiance dans les relations sociales.<\/p><\/div><\/div><\/li><li><div class=\"ft-timeline-date\"><\/div><span class=\"ft-timeline-dot \"><\/span><div class=\"ft-timeline-content\"><h4 class=\"ft-timeline-title\">2015<\/h4><div class=\"ft-timeline-description\"><p>Au fil des ann\u00e9es, des milliers d\u2019histoires, de situations et de contextes ont \u00e9t\u00e9 collect\u00e9s o\u00f9 les comportements qui favorisent la confiance ou g\u00e9n\u00e8rent la m\u00e9fiance ont pu \u00eatre mis en \u00e9vidence en d\u00e9tail. Et finalement, le travail de filtrage des informations a \u00e9t\u00e9 r\u00e9alis\u00e9, ce qui a donn\u00e9 lieu \u00e0 l\u2019\u00e9tude th\u00e9orique des comportements de confiance.<\/p><\/div><\/div><\/li><li><div class=\"ft-timeline-date\"><\/div><span class=\"ft-timeline-dot \"><\/span><div class=\"ft-timeline-content\"><h4 class=\"ft-timeline-title\">2016<\/h4><div class=\"ft-timeline-description\"><p>Eric Chabot cr\u00e9e la premi\u00e8re formation bas\u00e9e sur ces \u00e9tudes comportementales.<\/p><\/div><\/div><\/li><li><div class=\"ft-timeline-date\"><\/div><span class=\"ft-timeline-dot \"><\/span><div class=\"ft-timeline-content\"><h4 class=\"ft-timeline-title\">2018<\/h4><div class=\"ft-timeline-description\"><p>Dans le but d'appliquer et de transmettre de mani\u00e8re pluralis\u00e9e les connaissances accumul\u00e9es aupr\u00e8s de ce premier groupe et avec la formation Chabot, Cyrille Schneider cr\u00e9e le premier algorithme Startrust.<\/p><\/div><\/div><\/li><li><div class=\"ft-timeline-date\"><\/div><span class=\"ft-timeline-dot \"><\/span><div class=\"ft-timeline-content\"><h4 class=\"ft-timeline-title\">2019<\/h4><div class=\"ft-timeline-description\"><p>Les ambassadeurs Startrust, compos\u00e9s de dirigeants d'entit\u00e9s priv\u00e9es et publiques, d'hommes d'affaires, de psychologues et d'autres experts, valident le mod\u00e8le math\u00e9matique et l'exactitude des r\u00e9sultats de Startrust.<\/p><\/div><\/div><\/li><li><div class=\"ft-timeline-date\"><\/div><span class=\"ft-timeline-dot \"><\/span><div class=\"ft-timeline-content\"><h4 class=\"ft-timeline-title\">2020<\/h4><div class=\"ft-timeline-description\"><p>Fondation d'EGG Science\u00ae, la soci\u00e9t\u00e9 responsable de Startrust et de ses d\u00e9riv\u00e9s.<\/p><p>Lancement de la premi\u00e8re plateforme enti\u00e8rement automatis\u00e9e de Startrust, traduite en quatre langues : portugais, anglais, espagnol et fran\u00e7ais.<\/p><p>Premi\u00e8re classe de certification Startrust au Br\u00e9sil.<\/p><\/div><\/div><\/li><li><div class=\"ft-timeline-date\"><\/div><span class=\"ft-timeline-dot \"><\/span><div class=\"ft-timeline-content\"><h4 class=\"ft-timeline-title\">2021<\/h4><div class=\"ft-timeline-description\"><p>Gr\u00e2ce \u00e0 des partenariats, nous continuons \u00e0 d\u00e9velopper notre plateforme en cr\u00e9ant des versions pour deux de nos sp\u00e9cialisations : Startrust Manager et Startrust Entrepreneur.<\/p><p>Premi\u00e8re classe de certification d'Am\u00e9rique Latine est cr\u00e9\u00e9e.<\/p><\/div><\/div><\/li><li class=\"ft-timeline-current\"><div class=\"ft-timeline-date\"><\/div><span class=\"ft-timeline-dot \"><\/span><div class=\"ft-timeline-content\"><h4 class=\"ft-timeline-title\">2022<\/h4><div class=\"ft-timeline-description\"><p>Lancement mondial de l'outil Startrust avec abonnement illimit\u00e9.<\/p><p>Des versions sont cr\u00e9\u00e9es : Startrust Employee et Startrust Personal.<\/p><\/div><\/div><\/li><li><div class=\"ft-timeline-date\"><\/div><span class=\"ft-timeline-dot \"><\/span><div class=\"ft-timeline-content\"><h4 class=\"ft-timeline-title\">2023<\/h4><div class=\"ft-timeline-description\"><p>Lancement de la version Business Owner.\u00a0<br \/><br \/>Formation Startrust 100% en ligne incluant un module de business pur d\u00e9velopper les activit\u00e9s bas\u00e9es sur la confiance.<\/p><\/div><\/div><\/li><\/ul><\/div>\t\t<\/div>\n\t\t\t\t<\/div>\n\t\t\t\t\t<\/div>\n\t\t<\/div>\n\t\t\t\t\t<\/div>\n\t\t<\/section>\n\t\t\t\t<section class=\"elementor-section elementor-top-section elementor-element elementor-element-d36a6b5 elementor-section-boxed elementor-section-height-default elementor-section-height-default\" data-id=\"d36a6b5\" data-element_type=\"section\">\n\t\t\t\t\t\t<div class=\"elementor-container elementor-column-gap-default\">\n\t\t\t\t\t<div class=\"elementor-column elementor-col-100 elementor-top-column elementor-element elementor-element-b3dafdc\" data-id=\"b3dafdc\" data-element_type=\"column\">\n\t\t\t<div class=\"elementor-widget-wrap elementor-element-populated\">\n\t\t\t\t\t\t<div class=\"elementor-element elementor-element-e8a8511 elementor-widget elementor-widget-section-title\" data-id=\"e8a8511\" data-element_type=\"widget\" data-widget_type=\"section-title.default\">\n\t\t\t\t<div class=\"elementor-widget-container\">\n\t\t\t<div class=\"section-title\"><span class=\"st-subtitle\"><\/span><h2 class=\"st-title\">Les fondateurs<\/h2><\/div>\t\t<\/div>\n\t\t\t\t<\/div>\n\t\t\t\t\t<\/div>\n\t\t<\/div>\n\t\t\t\t\t<\/div>\n\t\t<\/section>\n\t\t\t\t<section class=\"elementor-section elementor-top-section elementor-element elementor-element-230180f elementor-section-boxed elementor-section-height-default elementor-section-height-default\" data-id=\"230180f\" data-element_type=\"section\">\n\t\t\t\t\t\t<div class=\"elementor-container elementor-column-gap-default\">\n\t\t\t\t\t<div class=\"elementor-column elementor-col-33 elementor-top-column elementor-element elementor-element-6cacfd4\" data-id=\"6cacfd4\" data-element_type=\"column\">\n\t\t\t<div class=\"elementor-widget-wrap elementor-element-populated\">\n\t\t\t\t\t\t<div class=\"elementor-element elementor-element-55add30 animated-slow elementor-invisible elementor-widget elementor-widget-team-card\" data-id=\"55add30\" data-element_type=\"widget\" data-settings=\"{&quot;_animation&quot;:&quot;fadeIn&quot;,&quot;_animation_delay&quot;:200}\" data-widget_type=\"team-card.default\">\n\t\t\t\t<div class=\"elementor-widget-container\">\n\t\t\t<div class=\"team-card\"><div class=\"tm-img-wrapper\"><img decoding=\"async\" src=\"https:\/\/startrust.eggscience.com\/wp-content\/uploads\/2022\/03\/Sem-titulo-19_Prancheta-1-scaled.jpg\" title=\"Sem t\u00edtulo-19_Prancheta 1\" alt=\"Sem t\u00edtulo-19_Prancheta 1\" loading=\"lazy\" \/><div class=\"tm-bio\"><h3 class=\"tm-title\"><\/h3><p class=\"tm-description\"><\/p><div class=\"tm-icon-links\">\r\n        <ul class=\"social-icons \">\r\n            \n<li>\r\n                    <a href='https:\/\/www.linkedin.com\/in\/cyrilleschneider\/'>\r\n                        <i class='fab fa-linkedin-in'><\/i>\r\n                    <\/a>\r\n                <\/li>\n\r\n        <\/ul><\/div><\/div><\/div><div class=\"tm-info\"><h4 class=\"tm-name\">Cyrille Schneider<\/h4><span class=\"tm-role\">Directeur Commercial<\/span><a href=\"#\" class=\"btn-bio\"><span><\/span><\/a><\/div><\/div>\t\t\t\t<\/div>\n\t\t\t\t<\/div>\n\t\t\t\t\t<\/div>\n\t\t<\/div>\n\t\t\t\t<div class=\"elementor-column elementor-col-33 elementor-top-column elementor-element elementor-element-a15e51d\" data-id=\"a15e51d\" data-element_type=\"column\">\n\t\t\t<div class=\"elementor-widget-wrap elementor-element-populated\">\n\t\t\t\t\t\t<div class=\"elementor-element elementor-element-e31d487 animated-slow elementor-invisible elementor-widget elementor-widget-team-card\" data-id=\"e31d487\" data-element_type=\"widget\" data-settings=\"{&quot;_animation&quot;:&quot;fadeIn&quot;,&quot;_animation_delay&quot;:400}\" data-widget_type=\"team-card.default\">\n\t\t\t\t<div class=\"elementor-widget-container\">\n\t\t\t<div class=\"team-card\"><div class=\"tm-img-wrapper\"><img decoding=\"async\" src=\"https:\/\/startrust.eggscience.com\/wp-content\/uploads\/2022\/03\/Sem-titulo-19-03-scaled.jpg\" title=\"Sem t\u00edtulo-19-03\" alt=\"Sem t\u00edtulo-19-03\" loading=\"lazy\" \/><div class=\"tm-bio\"><h3 class=\"tm-title\"><\/h3><p class=\"tm-description\"><\/p><div class=\"tm-icon-links\">\r\n        <ul class=\"social-icons \">\r\n            \n<li>\r\n                    <a href='https:\/\/www.linkedin.com\/in\/nicolasgounin\/'>\r\n                        <i class='fab fa-linkedin-in'><\/i>\r\n                    <\/a>\r\n                <\/li>\n\r\n        <\/ul><\/div><\/div><\/div><div class=\"tm-info\"><h4 class=\"tm-name\">Nicolas Gounin<\/h4><span class=\"tm-role\">Directeur finances et exploitation<\/span><a href=\"#\" class=\"btn-bio\"><span><\/span><\/a><\/div><\/div>\t\t\t\t<\/div>\n\t\t\t\t<\/div>\n\t\t\t\t\t<\/div>\n\t\t<\/div>\n\t\t\t\t<div class=\"elementor-column elementor-col-33 elementor-top-column elementor-element elementor-element-c4a0521\" data-id=\"c4a0521\" data-element_type=\"column\">\n\t\t\t<div class=\"elementor-widget-wrap elementor-element-populated\">\n\t\t\t\t\t\t<div class=\"elementor-element elementor-element-d0bb6ea animated-slow elementor-invisible elementor-widget elementor-widget-team-card\" data-id=\"d0bb6ea\" data-element_type=\"widget\" data-settings=\"{&quot;_animation&quot;:&quot;fadeIn&quot;,&quot;_animation_delay&quot;:600}\" data-widget_type=\"team-card.default\">\n\t\t\t\t<div class=\"elementor-widget-container\">\n\t\t\t<div class=\"team-card\"><div class=\"tm-img-wrapper\"><img decoding=\"async\" src=\"https:\/\/startrust.eggscience.com\/wp-content\/uploads\/2022\/03\/Sem-titulo-19-02-scaled.jpg\" title=\"Sem t\u00edtulo-19-02\" alt=\"Sem t\u00edtulo-19-02\" loading=\"lazy\" \/><div class=\"tm-bio\"><h3 class=\"tm-title\"><\/h3><p class=\"tm-description\"><\/p><div class=\"tm-icon-links\">\r\n        <ul class=\"social-icons \">\r\n            \n<li>\r\n                    <a href='https:\/\/www.linkedin.com\/in\/jomar-filho\/'>\r\n                        <i class='fab fa-linkedin-in'><\/i>\r\n                    <\/a>\r\n                <\/li>\n\r\n        <\/ul><\/div><\/div><\/div><div class=\"tm-info\"><h4 class=\"tm-name\">Jomar Filho<\/h4><span class=\"tm-role\">Directeur de Methodologie<\/span><a href=\"#\" class=\"btn-bio\"><span><\/span><\/a><\/div><\/div>\t\t\t\t<\/div>\n\t\t\t\t<\/div>\n\t\t\t\t\t<\/div>\n\t\t<\/div>\n\t\t\t\t\t<\/div>\n\t\t<\/section>\n\t\t\t\t<\/div>\n\t\t","protected":false},"excerpt":{"rendered":"<p>A propos de Startrust<\/p>\n","protected":false},"author":5,"featured_media":0,"parent":0,"menu_order":0,"comment_status":"closed","ping_status":"closed","template":"elementor_header_footer","meta":{"footnotes":""},"class_list":["post-10178","page","type-page","status-publish","hentry"],"_links":{"self":[{"href":"https:\/\/startrust.eggscience.com\/fr\/wp-json\/wp\/v2\/pages\/10178","targetHints":{"allow":["GET"]}}],"collection":[{"href":"https:\/\/startrust.eggscience.com\/fr\/wp-json\/wp\/v2\/pages"}],"about":[{"href":"https:\/\/startrust.eggscience.com\/fr\/wp-json\/wp\/v2\/types\/page"}],"author":[{"embeddable":true,"href":"https:\/\/startrust.eggscience.com\/fr\/wp-json\/wp\/v2\/users\/5"}],"replies":[{"embeddable":true,"href":"https:\/\/startrust.eggscience.com\/fr\/wp-json\/wp\/v2\/comments?post=10178"}],"version-history":[{"count":64,"href":"https:\/\/startrust.eggscience.com\/fr\/wp-json\/wp\/v2\/pages\/10178\/revisions"}],"predecessor-version":[{"id":14694,"href":"https:\/\/startrust.eggscience.com\/fr\/wp-json\/wp\/v2\/pages\/10178\/revisions\/14694"}],"wp:attachment":[{"href":"https:\/\/startrust.eggscience.com\/fr\/wp-json\/wp\/v2\/media?parent=10178"}],"curies":[{"name":"wp","href":"https:\/\/api.w.org\/{rel}","templated":true}]}}