{"id":10156,"date":"2021-08-11T06:04:02","date_gmt":"2021-08-11T06:04:02","guid":{"rendered":"https:\/\/startrust.eggscience.app\/loutil\/"},"modified":"2025-06-17T16:12:42","modified_gmt":"2025-06-17T16:12:42","slug":"loutil-startrust-2","status":"publish","type":"page","link":"https:\/\/startrust.eggscience.com\/fr\/loutil-startrust-2\/","title":{"rendered":"l&rsquo;outil Startrust"},"content":{"rendered":"\t\t<div data-elementor-type=\"wp-page\" data-elementor-id=\"10156\" class=\"elementor elementor-10156 elementor-6505\">\n\t\t\t\t\t\t<section class=\"elementor-section elementor-top-section elementor-element elementor-element-466ca4e elementor-section-full_width elementor-section-height-default elementor-section-height-default\" data-id=\"466ca4e\" data-element_type=\"section\" data-e-type=\"section\">\n\t\t\t\t\t\t<div class=\"elementor-container elementor-column-gap-no\">\n\t\t\t\t\t<div class=\"elementor-column elementor-col-100 elementor-top-column elementor-element elementor-element-817c3a7\" data-id=\"817c3a7\" data-element_type=\"column\" data-e-type=\"column\">\n\t\t\t<div class=\"elementor-widget-wrap\">\n\t\t\t\t\t\t\t<\/div>\n\t\t<\/div>\n\t\t\t\t\t<\/div>\n\t\t<\/section>\n\t\t\t\t<section class=\"elementor-section elementor-top-section elementor-element elementor-element-9def2b1 elementor-section-boxed elementor-section-height-default elementor-section-height-default\" data-id=\"9def2b1\" data-element_type=\"section\" data-e-type=\"section\">\n\t\t\t\t\t\t<div class=\"elementor-container elementor-column-gap-default\">\n\t\t\t\t\t<div class=\"elementor-column elementor-col-100 elementor-top-column elementor-element elementor-element-627e554\" data-id=\"627e554\" data-element_type=\"column\" data-e-type=\"column\">\n\t\t\t<div class=\"elementor-widget-wrap elementor-element-populated\">\n\t\t\t\t\t\t<div class=\"elementor-element elementor-element-c0cbdd8 elementor-widget elementor-widget-heading\" data-id=\"c0cbdd8\" data-element_type=\"widget\" data-e-type=\"widget\" data-widget_type=\"heading.default\">\n\t\t\t\t<div class=\"elementor-widget-container\">\n\t\t\t\t\t<h2 class=\"elementor-heading-title elementor-size-default\">Nous sommes sp\u00e9cialis\u00e9s dans les relations humaines<\/h2>\t\t\t\t<\/div>\n\t\t\t\t<\/div>\n\t\t\t\t\t<\/div>\n\t\t<\/div>\n\t\t\t\t\t<\/div>\n\t\t<\/section>\n\t\t\t\t<section class=\"elementor-section elementor-top-section elementor-element elementor-element-0d68615 elementor-section-boxed elementor-section-height-default elementor-section-height-default\" data-id=\"0d68615\" data-element_type=\"section\" data-e-type=\"section\">\n\t\t\t\t\t\t<div class=\"elementor-container elementor-column-gap-default\">\n\t\t\t\t\t<div class=\"elementor-column elementor-col-100 elementor-top-column elementor-element elementor-element-f975706\" data-id=\"f975706\" data-element_type=\"column\" data-e-type=\"column\">\n\t\t\t<div class=\"elementor-widget-wrap elementor-element-populated\">\n\t\t\t\t\t\t<div class=\"elementor-element elementor-element-b2ac7f2 elementor-widget elementor-widget-text-editor\" data-id=\"b2ac7f2\" data-element_type=\"widget\" data-e-type=\"widget\" data-widget_type=\"text-editor.default\">\n\t\t\t\t<div class=\"elementor-widget-container\">\n\t\t\t\t\t\t\t\t\t<h4 style=\"text-align: left;\"><span style=\"color: #ffcc00;\">Pour cela, nous avons cr\u00e9\u00e9 un algorithme qui permet de d\u00e9velopper la confiance.<\/span><\/h4>\n\t\t\t\t\t\t\t\t<\/div>\n\t\t\t\t<\/div>\n\t\t\t\t\t<\/div>\n\t\t<\/div>\n\t\t\t\t\t<\/div>\n\t\t<\/section>\n\t\t\t\t<section class=\"elementor-section elementor-top-section elementor-element elementor-element-807e708 elementor-section-boxed elementor-section-height-default elementor-section-height-default\" data-id=\"807e708\" data-element_type=\"section\" data-e-type=\"section\">\n\t\t\t\t\t\t<div class=\"elementor-container elementor-column-gap-default\">\n\t\t\t\t\t<div class=\"elementor-column elementor-col-100 elementor-top-column elementor-element elementor-element-d73b294\" data-id=\"d73b294\" data-element_type=\"column\" data-e-type=\"column\">\n\t\t\t<div class=\"elementor-widget-wrap elementor-element-populated\">\n\t\t\t\t\t\t<div class=\"elementor-element elementor-element-549a8bd elementor-widget elementor-widget-heading\" data-id=\"549a8bd\" data-element_type=\"widget\" data-e-type=\"widget\" data-widget_type=\"heading.default\">\n\t\t\t\t<div class=\"elementor-widget-container\">\n\t\t\t\t\t<h2 class=\"elementor-heading-title elementor-size-default\">Pourquoi se former \u00e0 la gestion de la confiance ?<\/h2>\t\t\t\t<\/div>\n\t\t\t\t<\/div>\n\t\t\t\t\t<\/div>\n\t\t<\/div>\n\t\t\t\t\t<\/div>\n\t\t<\/section>\n\t\t\t\t<section class=\"elementor-section elementor-top-section elementor-element elementor-element-51663a2 elementor-section-boxed elementor-section-height-default elementor-section-height-default\" data-id=\"51663a2\" data-element_type=\"section\" data-e-type=\"section\">\n\t\t\t\t\t\t<div class=\"elementor-container elementor-column-gap-default\">\n\t\t\t\t\t<div class=\"elementor-column elementor-col-100 elementor-top-column elementor-element elementor-element-735e108\" data-id=\"735e108\" data-element_type=\"column\" data-e-type=\"column\">\n\t\t\t<div class=\"elementor-widget-wrap elementor-element-populated\">\n\t\t\t\t\t\t<div class=\"elementor-element elementor-element-8aacb18 elementor-widget elementor-widget-text-editor\" data-id=\"8aacb18\" data-element_type=\"widget\" data-e-type=\"widget\" data-widget_type=\"text-editor.default\">\n\t\t\t\t<div class=\"elementor-widget-container\">\n\t\t\t\t\t\t\t\t\t<p>Acqu\u00e9rir des comp\u00e9tences techniques en mati\u00e8re de confiance, c&rsquo;est bien plus qu&rsquo;apprendre \u00e0 d\u00e9cider. Apprendre une m\u00e9thode et ses outils d&rsquo;\u00e9valuation du march\u00e9, c&rsquo;est changer totalement sa vision des relations humaines et des possibilit\u00e9s de transformation qui en d\u00e9coulent. <\/p>\n<p>Les personnes form\u00e9es \u00e0 la confiance se distinguent naturellement par leur comportement et leur capacit\u00e9 \u00e0 comprendre les situations de conflit interpersonnel. Ceux qui ont cette ma\u00eetrise en main sont reconnus comme des leaders et des personnes qui r\u00e9ussissent. <\/p>\n<p>La formation est donc recommand\u00e9e pour ceux qui recherchent \u00e0:<\/p>\n<ul>\n<li>d\u00e9velopper une culture d&rsquo;entreprise avec la plus haute performance possible,<\/li>\n<li>am\u00e9liorer le climat organisationnel de l&rsquo;entreprise,<\/li>\n<li>am\u00e9liorer la relation entre les dirigeants et les employ\u00e9s<\/li>\n<li>et transformer la vie des gens en favorisant la confiance.<\/li>\n<\/ul>\n\t\t\t\t\t\t\t\t<\/div>\n\t\t\t\t<\/div>\n\t\t\t\t\t<\/div>\n\t\t<\/div>\n\t\t\t\t\t<\/div>\n\t\t<\/section>\n\t\t\t\t<section class=\"elementor-section elementor-top-section elementor-element elementor-element-0f70119 elementor-section-boxed elementor-section-height-default elementor-section-height-default\" data-id=\"0f70119\" data-element_type=\"section\" data-e-type=\"section\">\n\t\t\t\t\t\t<div class=\"elementor-container elementor-column-gap-default\">\n\t\t\t\t\t<div class=\"elementor-column elementor-col-100 elementor-top-column elementor-element elementor-element-7524f90\" data-id=\"7524f90\" data-element_type=\"column\" data-e-type=\"column\">\n\t\t\t<div class=\"elementor-widget-wrap\">\n\t\t\t\t\t\t\t<\/div>\n\t\t<\/div>\n\t\t\t\t\t<\/div>\n\t\t<\/section>\n\t\t\t\t<section class=\"elementor-section elementor-top-section elementor-element elementor-element-824bf99 elementor-section-boxed elementor-section-height-default elementor-section-height-default\" data-id=\"824bf99\" data-element_type=\"section\" data-e-type=\"section\">\n\t\t\t\t\t\t<div class=\"elementor-container elementor-column-gap-default\">\n\t\t\t\t\t<div class=\"elementor-column elementor-col-100 elementor-top-column elementor-element elementor-element-47ae1b7\" data-id=\"47ae1b7\" data-element_type=\"column\" data-e-type=\"column\">\n\t\t\t<div class=\"elementor-widget-wrap elementor-element-populated\">\n\t\t\t\t\t\t<div class=\"elementor-element elementor-element-b49cddd elementor-widget elementor-widget-text-editor\" data-id=\"b49cddd\" data-element_type=\"widget\" data-e-type=\"widget\" data-widget_type=\"text-editor.default\">\n\t\t\t\t<div class=\"elementor-widget-container\">\n\t\t\t\t\t\t\t\t\tStartrust Chaque application a son propre contexte qui correspond \u00e0 ses environnements respectifs.\nCes environnements nous indiquent o\u00f9 les situations se produisent afin d&rsquo;\u00e9valuer comment les relations de confiance sont \u00e9tablies dans chaque contexte. \n<\/br>\t\t\t\t\t\t\t\t<\/div>\n\t\t\t\t<\/div>\n\t\t\t\t\t<\/div>\n\t\t<\/div>\n\t\t\t\t\t<\/div>\n\t\t<\/section>\n\t\t\t\t<section class=\"elementor-section elementor-top-section elementor-element elementor-element-187831f elementor-section-boxed elementor-section-height-default elementor-section-height-default\" data-id=\"187831f\" data-element_type=\"section\" data-e-type=\"section\">\n\t\t\t\t\t\t<div class=\"elementor-container elementor-column-gap-default\">\n\t\t\t\t\t<div class=\"elementor-column elementor-col-100 elementor-top-column elementor-element elementor-element-9b22a5b\" data-id=\"9b22a5b\" data-element_type=\"column\" data-e-type=\"column\">\n\t\t\t<div class=\"elementor-widget-wrap\">\n\t\t\t\t\t\t\t<\/div>\n\t\t<\/div>\n\t\t\t\t\t<\/div>\n\t\t<\/section>\n\t\t\t\t<section class=\"elementor-section elementor-top-section elementor-element elementor-element-a2376de elementor-section-boxed elementor-section-height-default elementor-section-height-default\" data-id=\"a2376de\" data-element_type=\"section\" data-e-type=\"section\">\n\t\t\t\t\t\t<div class=\"elementor-container elementor-column-gap-default\">\n\t\t\t\t\t<div class=\"elementor-column elementor-col-100 elementor-top-column elementor-element elementor-element-2ecef73\" data-id=\"2ecef73\" data-element_type=\"column\" data-e-type=\"column\">\n\t\t\t<div class=\"elementor-widget-wrap\">\n\t\t\t\t\t\t\t<\/div>\n\t\t<\/div>\n\t\t\t\t\t<\/div>\n\t\t<\/section>\n\t\t\t\t<section class=\"elementor-section elementor-top-section elementor-element elementor-element-a16dbb7 elementor-section-boxed elementor-section-height-default elementor-section-height-default\" data-id=\"a16dbb7\" data-element_type=\"section\" data-e-type=\"section\">\n\t\t\t\t\t\t<div class=\"elementor-container elementor-column-gap-default\">\n\t\t\t\t\t<div class=\"elementor-column elementor-col-100 elementor-top-column elementor-element elementor-element-df61e40\" data-id=\"df61e40\" data-element_type=\"column\" data-e-type=\"column\">\n\t\t\t<div class=\"elementor-widget-wrap elementor-element-populated\">\n\t\t\t\t\t\t<div class=\"elementor-element elementor-element-00c762b elementor-widget elementor-widget-text-editor\" data-id=\"00c762b\" data-element_type=\"widget\" data-e-type=\"widget\" data-widget_type=\"text-editor.default\">\n\t\t\t\t<div class=\"elementor-widget-container\">\n\t\t\t\t\t\t\t\t\t<h4><span class=\"TextRun SCXO60899884 BCX0\" lang=\"PT-BR\" xml:lang=\"PT-BR\" data-contrast=\"auto\"><span class=\"NormalTextRun SCXO60899884 BCX0\">Les principaux avantages de cet assessment<\/span><\/span><\/h4>\n\t\t\t\t\t\t\t\t<\/div>\n\t\t\t\t<\/div>\n\t\t\t\t\t<\/div>\n\t\t<\/div>\n\t\t\t\t\t<\/div>\n\t\t<\/section>\n\t\t\t\t<section class=\"elementor-section elementor-top-section elementor-element elementor-element-5bb0ec1 elementor-section-boxed elementor-section-height-default elementor-section-height-default\" data-id=\"5bb0ec1\" data-element_type=\"section\" data-e-type=\"section\">\n\t\t\t\t\t\t<div class=\"elementor-container elementor-column-gap-default\">\n\t\t\t\t\t<div class=\"elementor-column elementor-col-100 elementor-top-column elementor-element elementor-element-ce820e6\" data-id=\"ce820e6\" data-element_type=\"column\" data-e-type=\"column\">\n\t\t\t<div class=\"elementor-widget-wrap\">\n\t\t\t\t\t\t\t<\/div>\n\t\t<\/div>\n\t\t\t\t\t<\/div>\n\t\t<\/section>\n\t\t\t\t<section class=\"elementor-section elementor-top-section elementor-element elementor-element-b49cdce elementor-section-boxed elementor-section-height-default elementor-section-height-default\" data-id=\"b49cdce\" data-element_type=\"section\" data-e-type=\"section\">\n\t\t\t\t\t\t<div class=\"elementor-container elementor-column-gap-default\">\n\t\t\t\t\t<div class=\"elementor-column elementor-col-100 elementor-top-column elementor-element elementor-element-34c5fa9\" data-id=\"34c5fa9\" data-element_type=\"column\" data-e-type=\"column\">\n\t\t\t<div class=\"elementor-widget-wrap elementor-element-populated\">\n\t\t\t\t\t\t<div class=\"elementor-element elementor-element-e1b5dfc elementor-widget elementor-widget-text-editor\" data-id=\"e1b5dfc\" data-element_type=\"widget\" data-e-type=\"widget\" data-widget_type=\"text-editor.default\">\n\t\t\t\t<div class=\"elementor-widget-container\">\n\t\t\t\t\t\t\t\t\t<h4><span class=\"TextRun SCXO228574388 BCX0\" lang=\"PT-BR\" data-contrast=\"auto\"><span class=\"NormalTextRun SCXO228574388 BCX0\">Les <\/span><\/span><span class=\"TextRun SCXO228574388 BCX0\" lang=\"PT-BR\" data-contrast=\"auto\"><span class=\"NormalTextRun SCXO228574388 BCX0\">5 <\/span><\/span><span class=\"TextRun SCXO228574388 BCX0\" lang=\"PT-BR\" data-contrast=\"auto\"><span class=\"NormalTextRun SCXO228574388 BCX0\">types de <\/span><\/span><span class=\"TextRun SCXO228574388 BCX0\" lang=\"PT-BR\" data-contrast=\"auto\"><span class=\"NormalTextRun SCXO228574388 BCX0\">r\u00e9sultats <\/span><\/span><span class=\"TextRun SCXO228574388 BCX0\" lang=\"PT-BR\" data-contrast=\"auto\"><span class=\"NormalTextRun SCXO228574388 BCX0\">obtenus avec <\/span><span class=\"SpellingError SCXO228574388 BCX0\">Startrust<\/span><\/span><span class=\"EOP SCXO228574388 BCX0\"> <\/span><\/h4>\n\t\t\t\t\t\t\t\t<\/div>\n\t\t\t\t<\/div>\n\t\t\t\t\t<\/div>\n\t\t<\/div>\n\t\t\t\t\t<\/div>\n\t\t<\/section>\n\t\t\t\t<section class=\"elementor-section elementor-top-section elementor-element elementor-element-7fe4510 elementor-section-boxed elementor-section-height-default elementor-section-height-default\" data-id=\"7fe4510\" data-element_type=\"section\" data-e-type=\"section\">\n\t\t\t\t\t\t<div class=\"elementor-container elementor-column-gap-default\">\n\t\t\t\t\t<div class=\"elementor-column elementor-col-100 elementor-top-column elementor-element elementor-element-22ebd82\" data-id=\"22ebd82\" data-element_type=\"column\" data-e-type=\"column\">\n\t\t\t<div class=\"elementor-widget-wrap elementor-element-populated\">\n\t\t\t\t\t\t<div class=\"elementor-element elementor-element-dca03d6 elementor-align-start elementor-icon-list--layout-traditional elementor-list-item-link-full_width elementor-widget elementor-widget-icon-list\" data-id=\"dca03d6\" data-element_type=\"widget\" data-e-type=\"widget\" data-widget_type=\"icon-list.default\">\n\t\t\t\t<div class=\"elementor-widget-container\">\n\t\t\t\t\t\t\t<ul class=\"elementor-icon-list-items\">\n\t\t\t\t\t\t\t<li class=\"elementor-icon-list-item\">\n\t\t\t\t\t\t\t\t\t\t\t<span class=\"elementor-icon-list-icon\">\n\t\t\t\t\t\t\t<i aria-hidden=\"true\" class=\"fas fa-check\"><\/i>\t\t\t\t\t\t<\/span>\n\t\t\t\t\t\t\t\t\t\t<span class=\"elementor-icon-list-text\"><strong style=\"color:black\">Perception de soi<\/strong> : quel degr\u00e9 de confiance \u00e9prouvez-vous actuellement dans vos diff\u00e9rentes sph\u00e8res ? <\/span>\n\t\t\t\t\t\t\t\t\t<\/li>\n\t\t\t\t\t\t\t\t<li class=\"elementor-icon-list-item\">\n\t\t\t\t\t\t\t\t\t\t\t<span class=\"elementor-icon-list-icon\">\n\t\t\t\t\t\t\t<i aria-hidden=\"true\" class=\"fas fa-check\"><\/i>\t\t\t\t\t\t<\/span>\n\t\t\t\t\t\t\t\t\t\t<span class=\"elementor-icon-list-text\"><strong style=\"color:black\">\u00c9valuation de la Startrust:<\/strong> dans quelle mesure pouvez-vous d\u00e9montrer les comp\u00e9tences n\u00e9cessaires pour promouvoir la confiance ?  <\/span>\n\t\t\t\t\t\t\t\t\t<\/li>\n\t\t\t\t\t\t\t\t<li class=\"elementor-icon-list-item\">\n\t\t\t\t\t\t\t\t\t\t\t<span class=\"elementor-icon-list-icon\">\n\t\t\t\t\t\t\t<i aria-hidden=\"true\" class=\"fas fa-check\"><\/i>\t\t\t\t\t\t<\/span>\n\t\t\t\t\t\t\t\t\t\t<span class=\"elementor-icon-list-text\"><strong style=\"color:black\">360 degr\u00e9s<\/strong> : dans quelle mesure les autres voient-ils votre capacit\u00e9 \u00e0 faire preuve de confiance en vous ? <\/span>\n\t\t\t\t\t\t\t\t\t<\/li>\n\t\t\t\t\t\t\t\t<li class=\"elementor-icon-list-item\">\n\t\t\t\t\t\t\t\t\t\t\t<span class=\"elementor-icon-list-icon\">\n\t\t\t\t\t\t\t<i aria-hidden=\"true\" class=\"fas fa-check\"><\/i>\t\t\t\t\t\t<\/span>\n\t\t\t\t\t\t\t\t\t\t<span class=\"elementor-icon-list-text\"><strong style=\"color:black\">Benchmark de l'\u00e9quipe:<\/strong> mesurez les r\u00e9sultats de votre \u00e9quipe pour \u00e9valuer comment vous vous situez par rapport \u00e0 vos pairs <\/span>\n\t\t\t\t\t\t\t\t\t<\/li>\n\t\t\t\t\t\t\t\t<li class=\"elementor-icon-list-item\">\n\t\t\t\t\t\t\t\t\t\t\t<span class=\"elementor-icon-list-icon\">\n\t\t\t\t\t\t\t<i aria-hidden=\"true\" class=\"fas fa-check\"><\/i>\t\t\t\t\t\t<\/span>\n\t\t\t\t\t\t\t\t\t\t<span class=\"elementor-icon-list-text\"><strong style=\"color:black\">Benchmark du march\u00e9:<\/strong> moyenne des r\u00e9sultats des r\u00e9pondants ayant le m\u00eame profil socioprofessionnel pour se positionner par rapport au march\u00e9 <\/span>\n\t\t\t\t\t\t\t\t\t<\/li>\n\t\t\t\t\t\t<\/ul>\n\t\t\t\t\t\t<\/div>\n\t\t\t\t<\/div>\n\t\t\t\t\t<\/div>\n\t\t<\/div>\n\t\t\t\t\t<\/div>\n\t\t<\/section>\n\t\t\t\t<section class=\"elementor-section elementor-top-section elementor-element elementor-element-0c09475 elementor-section-boxed elementor-section-height-default elementor-section-height-default\" data-id=\"0c09475\" data-element_type=\"section\" data-e-type=\"section\">\n\t\t\t\t\t\t<div class=\"elementor-container elementor-column-gap-default\">\n\t\t\t\t\t<div class=\"elementor-column elementor-col-100 elementor-top-column elementor-element elementor-element-baed49c\" data-id=\"baed49c\" data-element_type=\"column\" data-e-type=\"column\">\n\t\t\t<div class=\"elementor-widget-wrap\">\n\t\t\t\t\t\t\t<\/div>\n\t\t<\/div>\n\t\t\t\t\t<\/div>\n\t\t<\/section>\n\t\t\t\t<section class=\"elementor-section elementor-top-section elementor-element elementor-element-101237a elementor-section-boxed elementor-section-height-default elementor-section-height-default\" data-id=\"101237a\" data-element_type=\"section\" data-e-type=\"section\">\n\t\t\t\t\t\t<div class=\"elementor-container elementor-column-gap-default\">\n\t\t\t\t\t<div class=\"elementor-column elementor-col-100 elementor-top-column elementor-element elementor-element-1c18628\" data-id=\"1c18628\" data-element_type=\"column\" data-e-type=\"column\">\n\t\t\t<div class=\"elementor-widget-wrap elementor-element-populated\">\n\t\t\t\t\t\t<div class=\"elementor-element elementor-element-cd1750a elementor-widget elementor-widget-text-editor\" data-id=\"cd1750a\" data-element_type=\"widget\" data-e-type=\"widget\" data-widget_type=\"text-editor.default\">\n\t\t\t\t<div class=\"elementor-widget-container\">\n\t\t\t\t\t\t\t\t\t<p style=\"text-align: left;\">Avec votre rapport Startrust, vous recevrez un d\u00e9briefing personnalis\u00e9 par un consultant certifi\u00e9 pour vous aider \u00e0 interpr\u00e9ter et \u00e0 aligner les r\u00e9sultats avec votre moment de vie.<br \/>\nApr\u00e8s avoir compris vos r\u00e9sultats, le consultant vous invitera \u00e0 cr\u00e9er un plan d&rsquo;action enti\u00e8rement personnalis\u00e9 pour am\u00e9liorer vos performances en travaillant sur les 9 dimensions de la confiance dans votre vie quotidienne. <\/p>\n\t\t\t\t\t\t\t\t<\/div>\n\t\t\t\t<\/div>\n\t\t\t\t\t<\/div>\n\t\t<\/div>\n\t\t\t\t\t<\/div>\n\t\t<\/section>\n\t\t\t\t<section class=\"elementor-section elementor-top-section elementor-element elementor-element-d78d0f3 elementor-section-boxed elementor-section-height-default elementor-section-height-default\" data-id=\"d78d0f3\" data-element_type=\"section\" data-e-type=\"section\">\n\t\t\t\t\t\t<div class=\"elementor-container elementor-column-gap-default\">\n\t\t\t\t\t<div class=\"elementor-column elementor-col-100 elementor-top-column elementor-element elementor-element-f1d68dd\" data-id=\"f1d68dd\" data-element_type=\"column\" data-e-type=\"column\">\n\t\t\t<div class=\"elementor-widget-wrap\">\n\t\t\t\t\t\t\t<\/div>\n\t\t<\/div>\n\t\t\t\t\t<\/div>\n\t\t<\/section>\n\t\t\t\t<section class=\"elementor-section elementor-top-section elementor-element elementor-element-771c450 elementor-section-boxed elementor-section-height-default elementor-section-height-default\" data-id=\"771c450\" data-element_type=\"section\" data-e-type=\"section\">\n\t\t\t\t\t\t<div class=\"elementor-container elementor-column-gap-default\">\n\t\t\t\t\t<div class=\"elementor-column elementor-col-100 elementor-top-column elementor-element elementor-element-35f276e\" data-id=\"35f276e\" data-element_type=\"column\" data-e-type=\"column\">\n\t\t\t<div class=\"elementor-widget-wrap elementor-element-populated\">\n\t\t\t\t\t\t<div class=\"elementor-element elementor-element-cc260be elementor-widget elementor-widget-text-editor\" data-id=\"cc260be\" data-element_type=\"widget\" data-e-type=\"widget\" data-widget_type=\"text-editor.default\">\n\t\t\t\t<div class=\"elementor-widget-container\">\n\t\t\t\t\t\t\t\t\t<p style=\"text-align: left;\">Vous serez \u00e9galement invit\u00e9 \u00e0 \u00e9laborer un plan d&rsquo;action visant \u00e0 am\u00e9liorer les performances de votre \u00e9quipe \u00e0 court terme en favorisant la confiance.<br \/>\nCet atelier r\u00e9unit g\u00e9n\u00e9ralement plusieurs dirigeants d&rsquo;une m\u00eame organisation. <\/p>\n\t\t\t\t\t\t\t\t<\/div>\n\t\t\t\t<\/div>\n\t\t\t\t\t<\/div>\n\t\t<\/div>\n\t\t\t\t\t<\/div>\n\t\t<\/section>\n\t\t\t\t<section class=\"elementor-section elementor-top-section elementor-element elementor-element-de74284 elementor-section-boxed elementor-section-height-default elementor-section-height-default\" data-id=\"de74284\" data-element_type=\"section\" data-e-type=\"section\">\n\t\t\t\t\t\t<div class=\"elementor-container elementor-column-gap-default\">\n\t\t\t\t\t<div class=\"elementor-column elementor-col-100 elementor-top-column elementor-element elementor-element-6c20139\" data-id=\"6c20139\" data-element_type=\"column\" data-e-type=\"column\">\n\t\t\t<div class=\"elementor-widget-wrap\">\n\t\t\t\t\t\t\t<\/div>\n\t\t<\/div>\n\t\t\t\t\t<\/div>\n\t\t<\/section>\n\t\t\t\t<section class=\"elementor-section elementor-top-section elementor-element elementor-element-3920ea6 elementor-section-boxed elementor-section-height-default elementor-section-height-default\" data-id=\"3920ea6\" data-element_type=\"section\" data-e-type=\"section\">\n\t\t\t\t\t\t<div class=\"elementor-container elementor-column-gap-default\">\n\t\t\t\t\t<div class=\"elementor-column elementor-col-100 elementor-top-column elementor-element elementor-element-ad14c4c\" data-id=\"ad14c4c\" data-element_type=\"column\" data-e-type=\"column\">\n\t\t\t<div class=\"elementor-widget-wrap elementor-element-populated\">\n\t\t\t\t\t\t<div class=\"elementor-element elementor-element-96d00f7 elementor-widget elementor-widget-text-editor\" data-id=\"96d00f7\" data-element_type=\"widget\" data-e-type=\"widget\" data-widget_type=\"text-editor.default\">\n\t\t\t\t<div class=\"elementor-widget-container\">\n\t\t\t\t\t\t\t\t\t<p style=\"text-align: left;\">La ma\u00eetrise de la confiance au sein de votre organisation est sans aucun doute un facteur de diff\u00e9renciation concurrentielle.<br \/>\nNous fournissons la plateforme d&rsquo;\u00e9valuation afin que cet outil puisse \u00eatre utilis\u00e9 de mani\u00e8re autonome. <\/p>\n\t\t\t\t\t\t\t\t<\/div>\n\t\t\t\t<\/div>\n\t\t\t\t\t<\/div>\n\t\t<\/div>\n\t\t\t\t\t<\/div>\n\t\t<\/section>\n\t\t\t\t<\/div>\n\t\t","protected":false},"excerpt":{"rendered":"<p>L&rsquo;outil Startrust Nous sommes sp\u00e9cialis\u00e9s dans les relations humaines Pour cela, nous avons cr\u00e9\u00e9 un algorithme qui permet de d\u00e9velopper la confiance. Pourquoi se former \u00e0 la gestion de la confiance ? Acqu\u00e9rir des comp\u00e9tences techniques en mati\u00e8re de confiance, c&rsquo;est bien plus qu&rsquo;apprendre \u00e0 d\u00e9cider. Apprendre une m\u00e9thode et ses outils d&rsquo;\u00e9valuation du march\u00e9, c&rsquo;est changer totalement sa vision des relations humaines et des possibilit\u00e9s de transformation qui en d\u00e9coulent. Les personnes form\u00e9es \u00e0 la confiance se distinguent naturellement par leur comportement et leur capacit\u00e9 \u00e0 comprendre les situations de conflit interpersonnel. Ceux qui ont cette ma\u00eetrise en main&#8230;<\/p>\n","protected":false},"author":5,"featured_media":0,"parent":0,"menu_order":24,"comment_status":"closed","ping_status":"closed","template":"elementor_header_footer","meta":{"footnotes":""},"class_list":["post-10156","page","type-page","status-publish","hentry"],"_links":{"self":[{"href":"https:\/\/startrust.eggscience.com\/fr\/wp-json\/wp\/v2\/pages\/10156","targetHints":{"allow":["GET"]}}],"collection":[{"href":"https:\/\/startrust.eggscience.com\/fr\/wp-json\/wp\/v2\/pages"}],"about":[{"href":"https:\/\/startrust.eggscience.com\/fr\/wp-json\/wp\/v2\/types\/page"}],"author":[{"embeddable":true,"href":"https:\/\/startrust.eggscience.com\/fr\/wp-json\/wp\/v2\/users\/5"}],"replies":[{"embeddable":true,"href":"https:\/\/startrust.eggscience.com\/fr\/wp-json\/wp\/v2\/comments?post=10156"}],"version-history":[{"count":214,"href":"https:\/\/startrust.eggscience.com\/fr\/wp-json\/wp\/v2\/pages\/10156\/revisions"}],"predecessor-version":[{"id":14928,"href":"https:\/\/startrust.eggscience.com\/fr\/wp-json\/wp\/v2\/pages\/10156\/revisions\/14928"}],"wp:attachment":[{"href":"https:\/\/startrust.eggscience.com\/fr\/wp-json\/wp\/v2\/media?parent=10156"}],"curies":[{"name":"wp","href":"https:\/\/api.w.org\/{rel}","templated":true}]}}