{"id":10009,"date":"2022-03-24T13:50:01","date_gmt":"2022-03-24T13:50:01","guid":{"rendered":"https:\/\/startrust.eggscience.app\/foire-aux-questions\/"},"modified":"2024-09-30T15:55:49","modified_gmt":"2024-09-30T15:55:49","slug":"foire-aux-questions","status":"publish","type":"page","link":"https:\/\/startrust.eggscience.com\/fr\/foire-aux-questions\/","title":{"rendered":"Questions fr\u00e9quentes"},"content":{"rendered":"\t\t<div data-elementor-type=\"wp-page\" data-elementor-id=\"10009\" class=\"elementor elementor-10009 elementor-8319\">\n\t\t\t\t\t\t<section class=\"elementor-section elementor-top-section elementor-element elementor-element-1734eb4 elementor-section-full_width elementor-section-height-default elementor-section-height-default\" data-id=\"1734eb4\" data-element_type=\"section\">\n\t\t\t\t\t\t<div class=\"elementor-container elementor-column-gap-no\">\n\t\t\t\t\t<div class=\"elementor-column elementor-col-100 elementor-top-column elementor-element elementor-element-36e5528\" data-id=\"36e5528\" data-element_type=\"column\">\n\t\t\t<div class=\"elementor-widget-wrap elementor-element-populated\">\n\t\t\t\t\t\t<div class=\"elementor-element elementor-element-6fe48e9 elementor-widget elementor-widget-page-title\" data-id=\"6fe48e9\" data-element_type=\"widget\" data-widget_type=\"page-title.default\">\n\t\t\t\t<div class=\"elementor-widget-container\">\n\t\t\t<div class=\"page-title  pt-has-bg-img pt-align-center\" style=\"background-image: url(https:\/\/ajdethemes.com\/adri-data\/impact\/wp-content\/uploads\/sites\/3\/2020\/08\/sec-bg-2-1.jpg);\"><div class=\"container\"><div class=\"row\"><div class=\"col-lg-12\"><div class=\"pt-style-2\"><span class=\"subtitle\">FAQ<\/span><h1 class=\"entry-title\">Perguntas Frequentes<\/h1><\/div><\/div><\/div><\/div><\/div>\t\t<\/div>\n\t\t\t\t<\/div>\n\t\t\t\t\t<\/div>\n\t\t<\/div>\n\t\t\t\t\t<\/div>\n\t\t<\/section>\n\t\t\t\t<section class=\"elementor-section elementor-top-section elementor-element elementor-element-772b408 elementor-section-boxed elementor-section-height-default elementor-section-height-default\" data-id=\"772b408\" data-element_type=\"section\">\n\t\t\t\t\t\t<div class=\"elementor-container elementor-column-gap-default\">\n\t\t\t\t\t<div class=\"elementor-column elementor-col-100 elementor-top-column elementor-element elementor-element-3810e32\" data-id=\"3810e32\" data-element_type=\"column\">\n\t\t\t<div class=\"elementor-widget-wrap elementor-element-populated\">\n\t\t\t\t\t\t<div class=\"elementor-element elementor-element-aaf7c5f elementor-widget elementor-widget-accordion\" data-id=\"aaf7c5f\" data-element_type=\"widget\" data-widget_type=\"accordion.default\">\n\t\t\t\t<div class=\"elementor-widget-container\">\n\t\t\t<div class=\"ft-accordion elementor-accordion\" role=\"tablist\"><div class=\"ft-accordion-item elementor-accordion-item\"><h5 id=\"elementor-tab-title-1791\" class=\"ft-tab-title elementor-tab-title\" data-tab=\"1\" role=\"tab\"><a class=\"ft-accordion-title elementor-accordion-title\" href=\"\">Formation <span class=\"accordion-icon\"><i class=\"css-arrow\"><\/i><\/span><\/a><\/h5><div id=\"elementor-tab-content-1791\" class=\"ft-tab-content elementor-tab-content elementor-clearfix\" data-tab=\"1\" role=\"tabpanel\"><p><strong>Combien de temps dure la certification ?<\/strong><\/p>\n<p>La certification SEAStartrust Executive Advisor) dure 20 heures. Comme il s&rsquo;agit d&rsquo;une plateforme en ligne, la date limite pour terminer cette charge de travail est \u00e0 votre discr\u00e9tion.<\/p>\n<p><strong>Quel format et modalit\u00e9s de formation ?<\/strong><\/p>\n<p>La formation Startrust se d\u00e9roule enti\u00e8rement en ligne et est disponible en format pr\u00e9sentiel, en ligne et \u00e0 distance.<\/p>\n<p>Pour plus d&rsquo;informations sur la programmation, <a href=\"https:\/\/api.whatsapp.com\/send?phone=5511948408000\">veuillez nous contacter.<\/a><\/p>\n<p><strong>La certification est-elle reconnue internationalement ?<\/strong><\/p>\n<p>Oui. Startrust est pr\u00e9sent dans le monde entier et sa certification lui permet de travailler partout dans le monde.<\/p>\n<p><strong>Comment se fait le test pour obtenir la Certification ?<\/strong><\/p>\n<p>Le test est effectu\u00e9 en ligne et vous devez obtenir 100 % de bonnes r\u00e9ponses en lisant les graphiques et les tableaux de Startrust pr\u00e9sent\u00e9s.<\/p>\n<p><strong>Et si je ne r\u00e9ussis pas le test ?<\/strong><\/p>\n<p>Ne vous inqui\u00e9tez pas, vous pouvez repasser l&rsquo;\u00e9valuation autant de fois que n\u00e9cessaire. Veuillez noter que l&rsquo;acc\u00e8s \u00e0 la plateforme Startrust ne sera accord\u00e9 qu&rsquo;une fois la formation termin\u00e9e.<\/p>\n<\/div><\/div><div class=\"ft-accordion-item elementor-accordion-item\"><h5 id=\"elementor-tab-title-1792\" class=\"ft-tab-title elementor-tab-title\" data-tab=\"2\" role=\"tab\"><a class=\"ft-accordion-title elementor-accordion-title\" href=\"\">Plataforme <span class=\"accordion-icon\"><i class=\"css-arrow\"><\/i><\/span><\/a><\/h5><div id=\"elementor-tab-content-1792\" class=\"ft-tab-content elementor-tab-content elementor-clearfix\" data-tab=\"2\" role=\"tabpanel\"><p><strong>Combien de tests puis-je appliquer ?<\/strong><\/p>\n<p>Vous pouvez appliquer autant de tests que vous le souhaitez et de mani\u00e8re illimit\u00e9e. Nous vous demandons simplement de respecter les conditions d&rsquo;utilisation de la plateforme, qui vous obligent \u00e0 apporter une r\u00e9ponse personnalis\u00e9e \u00e0 tout signalement de Startrust.<\/p>\n<p><strong>Comment envoyer des tests \u00e0 mes clients ?<\/strong><\/p>\n<p>Vous aurez acc\u00e8s \u00e0 un lien personnalis\u00e9 \u00e0 envoyer \u00e0 l&rsquo;ensemble de votre client\u00e8le.<\/p>\n<p><strong>Comment puis-je recevoir les rapports de r\u00e9sultats de mes clients ?<\/strong><\/p>\n<p>D\u00e8s que le test de chaque client est termin\u00e9, le rapport sera automatiquement envoy\u00e9 \u00e0 votre adresse e-mail enregistr\u00e9e sur notre plateforme.<\/p>\n<p><strong>Dans quelles langues puis-je appliquer le test ?<\/strong><\/p>\n<p>La plateforme Startrust est actuellement disponible en quatre langues : portugais, anglais, espagnol et fran\u00e7ais.<\/p>\n<\/div><\/div><div class=\"ft-accordion-item elementor-accordion-item\"><h5 id=\"elementor-tab-title-1793\" class=\"ft-tab-title elementor-tab-title\" data-tab=\"3\" role=\"tab\"><a class=\"ft-accordion-title elementor-accordion-title\" href=\"\">Communaut\u00e9 et networking <span class=\"accordion-icon\"><i class=\"css-arrow\"><\/i><\/span><\/a><\/h5><div id=\"elementor-tab-content-1793\" class=\"ft-tab-content elementor-tab-content elementor-clearfix\" data-tab=\"3\" role=\"tabpanel\"><p><strong>La Communaut\u00e9 est-elle aussi internationale ?<\/strong><\/p>\n<p>Aujourd&rsquo;hui, les langues parl\u00e9es dans la communaut\u00e9 Startrust sont le portugais, l&rsquo;anglais, l&rsquo;espagnol et le fran\u00e7ais. Les conseillers Startrust sont r\u00e9partis dans plusieurs pays, tels que le Br\u00e9sil, les \u00c9tats-Unis, la Colombie, le Mexique, la France et d&rsquo;autres encore.<\/p>\n<p><strong>Comment acc\u00e9der \u00e0 la Communaut\u00e9 ?<\/strong><\/p>\n<p>La communaut\u00e9 Startrust est enti\u00e8rement en ligne et accessible via notre plateforme d\u00e9di\u00e9e exclusivement aux conseillers.<\/p>\n<p><strong>Quelles autres opportunit\u00e9s ai-je au sein de la Communaut\u00e9 ?<\/strong><\/p>\n<p>Il est fr\u00e9quent que certains projets d&rsquo;entreprise n\u00e9cessitent plus d&rsquo;un Advisor et chacun est libre de travailler en r\u00e9seau avec ses coll\u00e8gues.<br \/>\nNous tenons \u00e0 souligner que nous ne sommes pas responsables des partenariats qui naissent au sein de la communaut\u00e9 Startrust. <\/p>\n<p><strong>En cas d&rsquo;annulation, puis-je continuer \u00e0 participer ?<\/strong><\/p>\n<p>Advisor Startrust un jour, Advisor Startrust toujours. Tout le r\u00e9seautage que vous avez fait restera le v\u00f4tre. Cependant, l&rsquo;acc\u00e8s \u00e0 la plate-forme elle-m\u00eame sera r\u00e9voqu\u00e9.<\/p>\n<\/div><\/div><div class=\"ft-accordion-item elementor-accordion-item\"><h5 id=\"elementor-tab-title-1794\" class=\"ft-tab-title elementor-tab-title\" data-tab=\"4\" role=\"tab\"><a class=\"ft-accordion-title elementor-accordion-title\" href=\"\">Paiement <span class=\"accordion-icon\"><i class=\"css-arrow\"><\/i><\/span><\/a><\/h5><div id=\"elementor-tab-content-1794\" class=\"ft-tab-content elementor-tab-content elementor-clearfix\" data-tab=\"4\" role=\"tabpanel\"><p><strong>Quelles m\u00e9thodes de paiements sont disponibles?<\/strong><\/p>\n<p>Vous pouvez effectuer le paiement par carte de cr\u00e9dit ou par virement bancaire (dans ce cas, uniquement forfait annuel avec paiement comptant).<\/p>\n<p><strong>Que deviennent mes donn\u00e9es clients apr\u00e8s 12 mois d&rsquo;utilisation de la plateforme ?<\/strong><\/p>\n<p>Conform\u00e9ment \u00e0 la loi g\u00e9n\u00e9rale sur la protection des donn\u00e9es, vos donn\u00e9es et celles de vos clients resteront \u00e0 votre disposition m\u00eame apr\u00e8s la fin de la p\u00e9riode d&rsquo;utilisation de la plateforme. A partir du 13\u00e8me mois, vous pourrez continuer \u00e0 profiter des avantages du service avec un abonnement mensuel.<\/p>\n<p><strong>En cas r\u00e9scision, qu&rsquo;advient-il de ces donn\u00e9es ?<\/strong><\/p>\n<p>Vos donn\u00e9es et celles de vos clients resteront \u00e0 votre disposition m\u00eame apr\u00e8s la r\u00e9siliation de votre abonnement.<\/p>\n<\/div><\/div><div class=\"ft-accordion-item elementor-accordion-item\"><h5 id=\"elementor-tab-title-1795\" class=\"ft-tab-title elementor-tab-title\" data-tab=\"5\" role=\"tab\"><a class=\"ft-accordion-title elementor-accordion-title\" href=\"\">Divulgation et ventes <span class=\"accordion-icon\"><i class=\"css-arrow\"><\/i><\/span><\/a><\/h5><div id=\"elementor-tab-content-1795\" class=\"ft-tab-content elementor-tab-content elementor-clearfix\" data-tab=\"5\" role=\"tabpanel\"><p><strong>Vais-je recevoir du mat\u00e9riel promotionnel pour vendre mes services ?<\/strong><\/p>\n<p>Oui. Ceux qui font partie de la communaut\u00e9 Startrust ont un acc\u00e8s complet au mat\u00e9riel de soutien dont ils ont besoin pour se faire conna\u00eetre facilement et mieux vendre.<\/p>\n<p><strong>Vais-je obtenir de l&rsquo;aide pour vendre mes services de confiance ?<\/strong><\/p>\n<p>Oui. En devenant un Advisor reconnu au sein de la communaut\u00e9, vous pourrez b\u00e9n\u00e9ficier de r\u00e9f\u00e9rences parmi les entreprises clientes d&rsquo;EGG Science, la soci\u00e9t\u00e9 responsable de Startrust.<\/p>\n<\/div><\/div><div class=\"ft-accordion-item elementor-accordion-item\"><h5 id=\"elementor-tab-title-1796\" class=\"ft-tab-title elementor-tab-title\" data-tab=\"6\" role=\"tab\"><a class=\"ft-accordion-title elementor-accordion-title\" href=\"\">M\u00e9thode <span class=\"accordion-icon\"><i class=\"css-arrow\"><\/i><\/span><\/a><\/h5><div id=\"elementor-tab-content-1796\" class=\"ft-tab-content elementor-tab-content elementor-clearfix\" data-tab=\"6\" role=\"tabpanel\"><p><strong>Qui a cr\u00e9\u00e9 la m\u00e9thode Startrust?<\/strong><\/p>\n<p>L&rsquo;id\u00e9alisateur de la m\u00e9thode est Cyrille Schneider. Ses associ\u00e9s Nicolas Gounin, Jomar Filho et Eric Chabot ont particip\u00e9 activement au d\u00e9veloppement de la m\u00e9thode et de l&rsquo;outil d&rsquo;\u00e9valuation depuis la cr\u00e9ation d&rsquo;EGG Science, soci\u00e9t\u00e9 d\u00e9tentrice des droits de la marque Startrust.<\/p>\n<p><strong>Qui d\u00e9veloppe la plateforme ?<\/strong><\/p>\n<p>La th\u00e9orie, la m\u00e9thode, l&rsquo;algorithme, les questionnaires et les rapports sont tous la propri\u00e9t\u00e9 d&rsquo;<a href=\"https:\/\/eggscience.com\/\">EGG Science<\/a>.<\/p>\n<\/div><\/div><\/div>\t\t<\/div>\n\t\t\t\t<\/div>\n\t\t\t\t\t<\/div>\n\t\t<\/div>\n\t\t\t\t\t<\/div>\n\t\t<\/section>\n\t\t\t\t<\/div>\n\t\t","protected":false},"excerpt":{"rendered":"<p>FAQ Perguntas Frequentes Formation Combien de temps dure la certification ? La certification SEAStartrust Executive Advisor) dure 20 heures. Comme il s&rsquo;agit d&rsquo;une plateforme en ligne, la date limite pour terminer cette charge de travail est \u00e0 votre discr\u00e9tion. Quel format et modalit\u00e9s de formation ? La formation Startrust se d\u00e9roule enti\u00e8rement en ligne et est disponible en format pr\u00e9sentiel, en ligne et \u00e0 distance. Pour plus d&rsquo;informations sur la programmation, veuillez nous contacter. La certification est-elle reconnue internationalement ? Oui. Startrust est pr\u00e9sent dans le monde entier et sa certification lui permet de travailler partout dans le monde. Comment&#8230;<\/p>\n","protected":false},"author":5,"featured_media":0,"parent":0,"menu_order":0,"comment_status":"closed","ping_status":"closed","template":"elementor_header_footer","meta":{"footnotes":""},"class_list":["post-10009","page","type-page","status-publish","hentry"],"_links":{"self":[{"href":"https:\/\/startrust.eggscience.com\/fr\/wp-json\/wp\/v2\/pages\/10009","targetHints":{"allow":["GET"]}}],"collection":[{"href":"https:\/\/startrust.eggscience.com\/fr\/wp-json\/wp\/v2\/pages"}],"about":[{"href":"https:\/\/startrust.eggscience.com\/fr\/wp-json\/wp\/v2\/types\/page"}],"author":[{"embeddable":true,"href":"https:\/\/startrust.eggscience.com\/fr\/wp-json\/wp\/v2\/users\/5"}],"replies":[{"embeddable":true,"href":"https:\/\/startrust.eggscience.com\/fr\/wp-json\/wp\/v2\/comments?post=10009"}],"version-history":[{"count":12,"href":"https:\/\/startrust.eggscience.com\/fr\/wp-json\/wp\/v2\/pages\/10009\/revisions"}],"predecessor-version":[{"id":14602,"href":"https:\/\/startrust.eggscience.com\/fr\/wp-json\/wp\/v2\/pages\/10009\/revisions\/14602"}],"wp:attachment":[{"href":"https:\/\/startrust.eggscience.com\/fr\/wp-json\/wp\/v2\/media?parent=10009"}],"curies":[{"name":"wp","href":"https:\/\/api.w.org\/{rel}","templated":true}]}}