{"id":10001,"date":"2022-03-24T16:49:31","date_gmt":"2022-03-24T16:49:31","guid":{"rendered":"https:\/\/startrust.eggscience.app\/test-gratuit\/"},"modified":"2023-07-06T08:42:13","modified_gmt":"2023-07-06T08:42:13","slug":"test-gratuit","status":"publish","type":"page","link":"https:\/\/startrust.eggscience.com\/fr\/test-gratuit\/","title":{"rendered":"Test Gratuit"},"content":{"rendered":"\t\t<div data-elementor-type=\"wp-page\" data-elementor-id=\"10001\" class=\"elementor elementor-10001 elementor-8356\">\n\t\t\t\t\t\t<section class=\"elementor-section elementor-top-section elementor-element elementor-element-b4eac40 elementor-section-full_width elementor-section-height-default elementor-section-height-default\" data-id=\"b4eac40\" data-element_type=\"section\">\n\t\t\t\t\t\t<div class=\"elementor-container elementor-column-gap-no\">\n\t\t\t\t\t<div class=\"elementor-column elementor-col-100 elementor-top-column elementor-element elementor-element-74e3adb\" data-id=\"74e3adb\" data-element_type=\"column\">\n\t\t\t<div class=\"elementor-widget-wrap elementor-element-populated\">\n\t\t\t\t\t\t<div class=\"elementor-element elementor-element-335f7de elementor-widget elementor-widget-page-title\" data-id=\"335f7de\" data-element_type=\"widget\" data-widget_type=\"page-title.default\">\n\t\t\t\t<div class=\"elementor-widget-container\">\n\t\t\t<div class=\"page-title custom-height pt-has-bg-img pt-align-center\" style=\"background-image: url(https:\/\/ajdethemes.com\/adri-v2-data\/impact-mp\/wp-content\/uploads\/2021\/08\/case-single-ft-img-3.jpg);\"><div class=\"container\"><div class=\"row\"><div class=\"col-lg-12\"><div class=\"pt-style-2\"><span class=\"subtitle\">Testez gratuitement<\/span><h1 class=\"entry-title\">Startrust Personal<\/h1><\/div><\/div><\/div><\/div><\/div>\t\t<\/div>\n\t\t\t\t<\/div>\n\t\t\t\t\t<\/div>\n\t\t<\/div>\n\t\t\t\t\t<\/div>\n\t\t<\/section>\n\t\t\t\t<section class=\"elementor-section elementor-top-section elementor-element elementor-element-9056833 elementor-section-boxed elementor-section-height-default elementor-section-height-default\" data-id=\"9056833\" data-element_type=\"section\">\n\t\t\t\t\t\t<div class=\"elementor-container elementor-column-gap-default\">\n\t\t\t\t\t<div class=\"elementor-column elementor-col-100 elementor-top-column elementor-element elementor-element-a1d2983\" data-id=\"a1d2983\" data-element_type=\"column\">\n\t\t\t<div class=\"elementor-widget-wrap elementor-element-populated\">\n\t\t\t\t\t\t<div class=\"elementor-element elementor-element-713abc6 elementor-widget elementor-widget-spacer\" data-id=\"713abc6\" data-element_type=\"widget\" data-widget_type=\"spacer.default\">\n\t\t\t\t<div class=\"elementor-widget-container\">\n\t\t\t\t\t<div class=\"elementor-spacer\">\n\t\t\t<div class=\"elementor-spacer-inner\"><\/div>\n\t\t<\/div>\n\t\t\t\t<\/div>\n\t\t\t\t<\/div>\n\t\t\t\t\t<\/div>\n\t\t<\/div>\n\t\t\t\t\t<\/div>\n\t\t<\/section>\n\t\t\t\t<section class=\"elementor-section elementor-top-section elementor-element elementor-element-5d1620e elementor-section-boxed elementor-section-height-default elementor-section-height-default\" data-id=\"5d1620e\" data-element_type=\"section\">\n\t\t\t\t\t\t<div class=\"elementor-container elementor-column-gap-default\">\n\t\t\t\t\t<div class=\"elementor-column elementor-col-100 elementor-top-column elementor-element elementor-element-9a64ed3\" data-id=\"9a64ed3\" data-element_type=\"column\">\n\t\t\t<div class=\"elementor-widget-wrap elementor-element-populated\">\n\t\t\t\t\t\t<div class=\"elementor-element elementor-element-6b02f75 elementor-widget elementor-widget-adri-ajdethemes-elements-intro\" data-id=\"6b02f75\" data-element_type=\"widget\" data-widget_type=\"adri-ajdethemes-elements-intro.default\">\n\t\t\t\t<div class=\"elementor-widget-container\">\n\t\t\t<figure class=\"ft-intro-2\"><div class=\"ft-i-img-wrapper\"><img decoding=\"async\" class=\"img-deco\" src=\"https:\/\/ajdethemes.com\/adri-v2-data\/impact-mp\/wp-content\/uploads\/2021\/07\/dots-memphis-long.png\" alt=\"D\u00e9couvrez Startrust Personal\"><img decoding=\"async\" class=\"img-main rellax\" data-rellax-speed=\"2\" src=\"https:\/\/ajdethemes.com\/adri-v2-data\/impact-mp\/wp-content\/uploads\/2021\/08\/intro-v2-img-2.jpg\" alt=\"D\u00e9couvrez Startrust Personal\"><\/div><figcaption class=\"rellax\" data-rellax-speed=\"-1\"><div class=\"ft-i-title\"><div class=\"section-title\"><h2 class=\"st-title\">D\u00e9couvrez Startrust Personal<\/h2><\/div><\/div><div class=\"ft-i-description\"><p>Le premier outil qui mesure la confiance en tant que comp\u00e9tence relationnelle essentielle.<\/p><p>Avec cette version gratuite, vous pourrez mesurer la qualit\u00e9 de vos relations et votre niveau de confiance dans les environnements familiaux et sociaux.<\/p><\/div><\/figcaption><\/figure>\r\n\r\n\t\t\t\t<\/div>\n\t\t\t\t<\/div>\n\t\t\t\t\t<\/div>\n\t\t<\/div>\n\t\t\t\t\t<\/div>\n\t\t<\/section>\n\t\t\t\t<section class=\"elementor-section elementor-top-section elementor-element elementor-element-f1becb6 elementor-section-boxed elementor-section-height-default elementor-section-height-default\" data-id=\"f1becb6\" data-element_type=\"section\" data-settings=\"{&quot;background_background&quot;:&quot;classic&quot;}\">\n\t\t\t\t\t\t<div class=\"elementor-container elementor-column-gap-default\">\n\t\t\t\t\t<div class=\"elementor-column elementor-col-33 elementor-top-column elementor-element elementor-element-c2b9657\" data-id=\"c2b9657\" data-element_type=\"column\">\n\t\t\t<div class=\"elementor-widget-wrap elementor-element-populated\">\n\t\t\t\t\t\t<div class=\"elementor-element elementor-element-7466fe8 elementor-widget elementor-widget-section-title\" data-id=\"7466fe8\" data-element_type=\"widget\" data-widget_type=\"section-title.default\">\n\t\t\t\t<div class=\"elementor-widget-container\">\n\t\t\t<div class=\"section-title st-memphis\"><span class=\"st-subtitle\">Avant de commencer:<\/span><h2 class=\"st-title\">Suivez ces quelques \u00e9tapes pour optimiser votre exp\u00e9rience<\/h2><img decoding=\"async\" src=\"https:\/\/startrust.eggscience.com\/wp-content\/uploads\/2021\/07\/dots-memphis-impact.png\" title=\"dots-memphis-impact\" alt=\"dots-memphis-impact\" loading=\"lazy\" \/><\/div>\t\t<\/div>\n\t\t\t\t<\/div>\n\t\t\t\t<div class=\"elementor-element elementor-element-88df707 elementor-hidden-desktop elementor-hidden-tablet elementor-widget elementor-widget-adri-ajdethemes-elements-button\" data-id=\"88df707\" data-element_type=\"widget\" data-widget_type=\"adri-ajdethemes-elements-button.default\">\n\t\t\t\t<div class=\"elementor-widget-container\">\n\t\t\t<a href=\"#teste\" class=\"btn btn-ghost btn-lg\"  ><span class=\"btn-main\">Commencer<\/span><\/a>\t\t<\/div>\n\t\t\t\t<\/div>\n\t\t\t\t\t<\/div>\n\t\t<\/div>\n\t\t\t\t<div class=\"elementor-column elementor-col-33 elementor-top-column elementor-element elementor-element-d7ed845\" data-id=\"d7ed845\" data-element_type=\"column\">\n\t\t\t<div class=\"elementor-widget-wrap elementor-element-populated\">\n\t\t\t\t\t\t<div class=\"elementor-element elementor-element-0a7ecea animated-fast elementor-invisible elementor-widget elementor-widget-text-editor\" data-id=\"0a7ecea\" data-element_type=\"widget\" data-settings=\"{&quot;_animation&quot;:&quot;fadeIn&quot;,&quot;_animation_delay&quot;:200}\" data-widget_type=\"text-editor.default\">\n\t\t\t\t<div class=\"elementor-widget-container\">\n\t\t\t\t\t\t\t<h1><span style=\"color: #ffd400; font-size: 60px; font-weight: bold;\">01.<\/span><\/h1><h4><span style=\"color: #ffffff; padding-bottom: 10px; display: block;\"><span style=\"font-size: 1.375rem;\">Travaillez dans le calme<\/span><br><\/span><\/h4><p>Il est essentiel que vous effectuiez ce test calmement, avec concentration et dans un environnement calme et paisible.<\/p>\t\t\t\t\t\t<\/div>\n\t\t\t\t<\/div>\n\t\t\t\t\t<\/div>\n\t\t<\/div>\n\t\t\t\t<div class=\"elementor-column elementor-col-33 elementor-top-column elementor-element elementor-element-300891d\" data-id=\"300891d\" data-element_type=\"column\">\n\t\t\t<div class=\"elementor-widget-wrap elementor-element-populated\">\n\t\t\t\t\t\t<div class=\"elementor-element elementor-element-b55d611 animated-fast elementor-invisible elementor-widget elementor-widget-text-editor\" data-id=\"b55d611\" data-element_type=\"widget\" data-settings=\"{&quot;_animation&quot;:&quot;fadeIn&quot;,&quot;_animation_delay&quot;:400}\" data-widget_type=\"text-editor.default\">\n\t\t\t\t<div class=\"elementor-widget-container\">\n\t\t\t\t\t\t\t<h1><span style=\"color: #ffd400; font-size: 60px; font-weight: bold;\">02.<\/span><\/h1><h4><span style=\"color: #ffffff; padding-bottom: 10px; display: block;\">Faites le \u00e0 votre rythme<br><\/span><\/h4><p>Prenez le temps n\u00e9cessaire pour r\u00e9pondre aux questions. Si n\u00e9cessaire, relisez-les plus d&rsquo;une fois.<\/p>\t\t\t\t\t\t<\/div>\n\t\t\t\t<\/div>\n\t\t\t\t\t<\/div>\n\t\t<\/div>\n\t\t\t\t\t<\/div>\n\t\t<\/section>\n\t\t\t\t<section class=\"elementor-section elementor-top-section elementor-element elementor-element-44fcbc8 elementor-section-boxed elementor-section-height-default elementor-section-height-default\" data-id=\"44fcbc8\" data-element_type=\"section\" data-settings=\"{&quot;background_background&quot;:&quot;classic&quot;}\">\n\t\t\t\t\t\t<div class=\"elementor-container elementor-column-gap-default\">\n\t\t\t\t\t<div class=\"elementor-column elementor-col-33 elementor-top-column elementor-element elementor-element-5a338d5\" data-id=\"5a338d5\" data-element_type=\"column\">\n\t\t\t<div class=\"elementor-widget-wrap elementor-element-populated\">\n\t\t\t\t\t\t<div class=\"elementor-element elementor-element-3075705 elementor-hidden-phone animated-fast elementor-invisible elementor-widget elementor-widget-adri-ajdethemes-elements-button\" data-id=\"3075705\" data-element_type=\"widget\" data-settings=\"{&quot;_animation&quot;:&quot;fadeIn&quot;,&quot;_animation_delay&quot;:600}\" data-widget_type=\"adri-ajdethemes-elements-button.default\">\n\t\t\t\t<div class=\"elementor-widget-container\">\n\t\t\t<a href=\"#teste\" class=\"btn btn-ghost btn-lg\"  ><span class=\"btn-main\">Commencer<\/span><\/a>\t\t<\/div>\n\t\t\t\t<\/div>\n\t\t\t\t\t<\/div>\n\t\t<\/div>\n\t\t\t\t<div class=\"elementor-column elementor-col-33 elementor-top-column elementor-element elementor-element-1ef870e\" data-id=\"1ef870e\" data-element_type=\"column\">\n\t\t\t<div class=\"elementor-widget-wrap elementor-element-populated\">\n\t\t\t\t\t\t<div class=\"elementor-element elementor-element-656a529 animated-fast elementor-invisible elementor-widget elementor-widget-text-editor\" data-id=\"656a529\" data-element_type=\"widget\" data-settings=\"{&quot;_animation&quot;:&quot;fadeIn&quot;,&quot;_animation_delay&quot;:200}\" data-widget_type=\"text-editor.default\">\n\t\t\t\t<div class=\"elementor-widget-container\">\n\t\t\t\t\t\t\t<h1><span style=\"color: #ffd400; font-size: 60px; font-weight: bold;\">03.<\/span><\/h1><h4><span style=\"color: #ffffff; padding-bottom: 10px; display: block;\"><span style=\"font-size: 1.375rem;\">Consid\u00e9rez votre situation actuelle<\/span><br><\/span><\/h4><p>R\u00e9pondez selon vos convictions et votre moment de vie actuel. Il n&rsquo;y a pas de bonnes ou de mauvaises r\u00e9ponses, vous pouvez donc vous sentir libre d&rsquo;exprimer ce que vous vivez.<\/p>\t\t\t\t\t\t<\/div>\n\t\t\t\t<\/div>\n\t\t\t\t\t<\/div>\n\t\t<\/div>\n\t\t\t\t<div class=\"elementor-column elementor-col-33 elementor-top-column elementor-element elementor-element-890103e\" data-id=\"890103e\" data-element_type=\"column\">\n\t\t\t<div class=\"elementor-widget-wrap elementor-element-populated\">\n\t\t\t\t\t\t<div class=\"elementor-element elementor-element-5355c77 animated-fast elementor-invisible elementor-widget elementor-widget-text-editor\" data-id=\"5355c77\" data-element_type=\"widget\" data-settings=\"{&quot;_animation&quot;:&quot;fadeIn&quot;,&quot;_animation_delay&quot;:400}\" data-widget_type=\"text-editor.default\">\n\t\t\t\t<div class=\"elementor-widget-container\">\n\t\t\t\t\t\t\t<h1><span style=\"color: #ffd400; font-size: 60px; font-weight: bold;\">04.<\/span><span style=\"color: #ffffff; padding-bottom: 10px; display: block;\"><span style=\"font-size: 1.375rem;\">R\u00e9pondez dans votre langue principale<\/span><br><\/span><\/h1><p>Avant de commencer le test, vous pourrez s\u00e9lectionner la langue. Nous vous recommandons de choisir votre langue maternelle pour une meilleure compr\u00e9hension.<\/p>\t\t\t\t\t\t<\/div>\n\t\t\t\t<\/div>\n\t\t\t\t\t<\/div>\n\t\t<\/div>\n\t\t\t\t\t<\/div>\n\t\t<\/section>\n\t\t\t\t<section class=\"elementor-section elementor-top-section elementor-element elementor-element-e324a51 teste elementor-section-boxed elementor-section-height-default elementor-section-height-default\" data-id=\"e324a51\" data-element_type=\"section\" id=\"teste\">\n\t\t\t\t\t\t<div class=\"elementor-container elementor-column-gap-default\">\n\t\t\t\t\t<div class=\"elementor-column elementor-col-100 elementor-top-column elementor-element elementor-element-5197a46\" data-id=\"5197a46\" data-element_type=\"column\">\n\t\t\t<div class=\"elementor-widget-wrap elementor-element-populated\">\n\t\t\t\t\t\t<div class=\"elementor-element elementor-element-6936f2b elementor-widget elementor-widget-html\" data-id=\"6936f2b\" data-element_type=\"widget\" data-widget_type=\"html.default\">\n\t\t\t\t<div class=\"elementor-widget-container\">\n\t\t\t<iframe id=\"embed_sap\" src=\"https:\/\/s.eggscience.app\/startrustpersonal22?cf4=SITE\" width=\"100%\" height=\"100%\"><\/iframe>\t\t<\/div>\n\t\t\t\t<\/div>\n\t\t\t\t\t<\/div>\n\t\t<\/div>\n\t\t\t\t\t<\/div>\n\t\t<\/section>\n\t\t\t\t<\/div>\n\t\t","protected":false},"excerpt":{"rendered":"<p>Testez gratuitement Startrust Personal D\u00e9couvrez Startrust Personal Le premier outil qui mesure la confiance en tant que comp\u00e9tence relationnelle essentielle. Avec cette version gratuite, vous pourrez mesurer la qualit\u00e9 de vos relations et votre niveau de confiance dans les environnements familiaux et sociaux. Avant de commencer: Suivez ces quelques \u00e9tapes pour optimiser votre exp\u00e9rience Commencer 01. Travaillez dans le calme Il est essentiel que vous effectuiez ce test calmement, avec concentration et dans un environnement calme et paisible. 02. Faites le \u00e0 votre rythme Prenez le temps n\u00e9cessaire pour r\u00e9pondre aux questions. Si n\u00e9cessaire, relisez-les plus d&rsquo;une fois. Commencer 03&#8230;.<\/p>\n","protected":false},"author":5,"featured_media":0,"parent":0,"menu_order":0,"comment_status":"closed","ping_status":"closed","template":"elementor_header_footer","meta":{"footnotes":""},"class_list":["post-10001","page","type-page","status-publish","hentry"],"_links":{"self":[{"href":"https:\/\/startrust.eggscience.com\/fr\/wp-json\/wp\/v2\/pages\/10001","targetHints":{"allow":["GET"]}}],"collection":[{"href":"https:\/\/startrust.eggscience.com\/fr\/wp-json\/wp\/v2\/pages"}],"about":[{"href":"https:\/\/startrust.eggscience.com\/fr\/wp-json\/wp\/v2\/types\/page"}],"author":[{"embeddable":true,"href":"https:\/\/startrust.eggscience.com\/fr\/wp-json\/wp\/v2\/users\/5"}],"replies":[{"embeddable":true,"href":"https:\/\/startrust.eggscience.com\/fr\/wp-json\/wp\/v2\/comments?post=10001"}],"version-history":[{"count":19,"href":"https:\/\/startrust.eggscience.com\/fr\/wp-json\/wp\/v2\/pages\/10001\/revisions"}],"predecessor-version":[{"id":14155,"href":"https:\/\/startrust.eggscience.com\/fr\/wp-json\/wp\/v2\/pages\/10001\/revisions\/14155"}],"wp:attachment":[{"href":"https:\/\/startrust.eggscience.com\/fr\/wp-json\/wp\/v2\/media?parent=10001"}],"curies":[{"name":"wp","href":"https:\/\/api.w.org\/{rel}","templated":true}]}}