{"id":10727,"date":"2022-03-24T13:50:01","date_gmt":"2022-03-24T13:50:01","guid":{"rendered":"https:\/\/startrust.eggscience.app\/preguntas-frecuentes\/"},"modified":"2022-05-07T19:52:26","modified_gmt":"2022-05-07T19:52:26","slug":"preguntas-frecuentes","status":"publish","type":"page","link":"https:\/\/startrust.eggscience.com\/es\/preguntas-frecuentes\/","title":{"rendered":"Preguntas frecuentes"},"content":{"rendered":"\t\t<div data-elementor-type=\"wp-page\" data-elementor-id=\"10727\" class=\"elementor elementor-10727 elementor-8319\">\n\t\t\t\t\t\t<section class=\"elementor-section elementor-top-section elementor-element elementor-element-1734eb4 elementor-section-full_width elementor-section-height-default elementor-section-height-default\" data-id=\"1734eb4\" data-element_type=\"section\" data-e-type=\"section\">\n\t\t\t\t\t\t<div class=\"elementor-container elementor-column-gap-no\">\n\t\t\t\t\t<div class=\"elementor-column elementor-col-100 elementor-top-column elementor-element elementor-element-36e5528\" data-id=\"36e5528\" data-element_type=\"column\" data-e-type=\"column\">\n\t\t\t<div class=\"elementor-widget-wrap\">\n\t\t\t\t\t\t\t<\/div>\n\t\t<\/div>\n\t\t\t\t\t<\/div>\n\t\t<\/section>\n\t\t\t\t<section class=\"elementor-section elementor-top-section elementor-element elementor-element-772b408 elementor-section-boxed elementor-section-height-default elementor-section-height-default\" data-id=\"772b408\" data-element_type=\"section\" data-e-type=\"section\">\n\t\t\t\t\t\t<div class=\"elementor-container elementor-column-gap-default\">\n\t\t\t\t\t<div class=\"elementor-column elementor-col-100 elementor-top-column elementor-element elementor-element-3810e32\" data-id=\"3810e32\" data-element_type=\"column\" data-e-type=\"column\">\n\t\t\t<div class=\"elementor-widget-wrap elementor-element-populated\">\n\t\t\t\t\t\t<div class=\"elementor-element elementor-element-aaf7c5f elementor-widget elementor-widget-accordion\" data-id=\"aaf7c5f\" data-element_type=\"widget\" data-e-type=\"widget\" data-widget_type=\"accordion.default\">\n\t\t\t\t<div class=\"elementor-widget-container\">\n\t\t\t\t\t\t\t<div class=\"elementor-accordion\">\n\t\t\t\t\t\t\t<div class=\"elementor-accordion-item\">\n\t\t\t\t\t<div id=\"elementor-tab-title-1791\" class=\"elementor-tab-title\" data-tab=\"1\" role=\"button\" aria-controls=\"elementor-tab-content-1791\" aria-expanded=\"false\">\n\t\t\t\t\t\t\t\t\t\t\t\t\t<span class=\"elementor-accordion-icon elementor-accordion-icon-left\" aria-hidden=\"true\">\n\t\t\t\t\t\t\t\t\t\t\t\t\t\t\t<span class=\"elementor-accordion-icon-closed\"><i class=\"fas fa-plus\"><\/i><\/span>\n\t\t\t\t\t\t\t\t<span class=\"elementor-accordion-icon-opened\"><i class=\"fas fa-minus\"><\/i><\/span>\n\t\t\t\t\t\t\t\t\t\t\t\t\t\t<\/span>\n\t\t\t\t\t\t\t\t\t\t\t\t<a class=\"elementor-accordion-title\" tabindex=\"0\">Formaci\u00f3n<\/a>\n\t\t\t\t\t<\/div>\n\t\t\t\t\t<div id=\"elementor-tab-content-1791\" class=\"elementor-tab-content elementor-clearfix\" data-tab=\"1\" role=\"region\" aria-labelledby=\"elementor-tab-title-1791\"><p><strong>\u00bfCu\u00e1nto dura la certificaci\u00f3n?<\/strong><\/p><p>La certificaci\u00f3n SEA (Consejero Ejecutivo Startrust) tiene una carga horaria de 20 horas. Como es a trav\u00e9s de una plataforma en l\u00ednea, la fecha l\u00edmite para completar esta carga de trabajo queda a su discreci\u00f3n. <\/p><p><strong>\u00bfCu\u00e1les son los formatos y modalidades de la formaci\u00f3n?<\/strong><\/p><p>La capacitaci\u00f3n de Startrust se realiza completamente en l\u00ednea y est\u00e1 disponible en las siguientes modalidades: presencial, online en vivo y EAD.<\/p><p>Para m\u00e1s informaci\u00f3n sobre la agenda, <a href=\"https:\/\/api.whatsapp.com\/send?phone=5511948408000\">entre en contacto con nosotros.<\/a><\/p><p><strong>\u00bfLa certificaci\u00f3n es reconocida internacionalmente?<\/strong><\/p><p>S\u00ed. Startrust est\u00e1 presente a nivel mundial y su certificaci\u00f3n le permite actuar en cualquier parte del mundo. <\/p><p><strong>\u00bfC\u00f3mo se realiza la prueba de certificaci\u00f3n?<\/strong><\/p><p>La prueba se realiza en l\u00ednea y es necesario acertar 100% la lectura de los gr\u00e1ficos y tablas de Startrust presentados.<\/p><p><strong>\u00bfY si no aprobara la prueba?<\/strong><\/p><p>No se preocupe, usted puede rehacer la evaluaci\u00f3n cu\u00e1ntas veces necesite. Resaltando que el acceso a la plataforma Startrust solamente ser\u00e1 liberado despu\u00e9s de la conclusi\u00f3n de la formaci\u00f3n. <\/p><\/div>\n\t\t\t\t<\/div>\n\t\t\t\t\t\t\t<div class=\"elementor-accordion-item\">\n\t\t\t\t\t<div id=\"elementor-tab-title-1792\" class=\"elementor-tab-title\" data-tab=\"2\" role=\"button\" aria-controls=\"elementor-tab-content-1792\" aria-expanded=\"false\">\n\t\t\t\t\t\t\t\t\t\t\t\t\t<span class=\"elementor-accordion-icon elementor-accordion-icon-left\" aria-hidden=\"true\">\n\t\t\t\t\t\t\t\t\t\t\t\t\t\t\t<span class=\"elementor-accordion-icon-closed\"><i class=\"fas fa-plus\"><\/i><\/span>\n\t\t\t\t\t\t\t\t<span class=\"elementor-accordion-icon-opened\"><i class=\"fas fa-minus\"><\/i><\/span>\n\t\t\t\t\t\t\t\t\t\t\t\t\t\t<\/span>\n\t\t\t\t\t\t\t\t\t\t\t\t<a class=\"elementor-accordion-title\" tabindex=\"0\">PLATAFORMA<\/a>\n\t\t\t\t\t<\/div>\n\t\t\t\t\t<div id=\"elementor-tab-content-1792\" class=\"elementor-tab-content elementor-clearfix\" data-tab=\"2\" role=\"region\" aria-labelledby=\"elementor-tab-title-1792\"><p><strong>\u00bfCu\u00e1ntas pruebas puedo hacer?<\/strong><\/p><p>Puedes aplicar tantas pruebas como quieras y de forma ilimitada. Solo pedimos que se respeten las condiciones de uso de la plataforma que obligan a entregar cualquier informe de Startrust con un feedback personalizado. <\/p><p><strong>\u00bfC\u00f3mo env\u00edo pruebas a mis clientes?<\/strong><\/p><p>Usted tendr\u00e1 acceso a un enlace personalizado propio para enviar a toda su base de clientes.<\/p><p><strong>\u00bfC\u00f3mo recibo informes de resultados de mis clientes?<\/strong><\/p><p>Tan pronto como sea concluida la prueba de cada cliente, el informe ser\u00e1 enviado autom\u00e1ticamente a su correo electr\u00f3nico y registrado en nuestra plataforma.<\/p><p><strong>\u00bfEn qu\u00e9 idiomas puedo aplicar la prueba?<\/strong><\/p><p>Actualmente, la plataforma de Startrust est\u00e1 disponible en cuatro idiomas: portugu\u00e9s, ingl\u00e9s, espa\u00f1ol y franc\u00e9s.<\/p><\/div>\n\t\t\t\t<\/div>\n\t\t\t\t\t\t\t<div class=\"elementor-accordion-item\">\n\t\t\t\t\t<div id=\"elementor-tab-title-1793\" class=\"elementor-tab-title\" data-tab=\"3\" role=\"button\" aria-controls=\"elementor-tab-content-1793\" aria-expanded=\"false\">\n\t\t\t\t\t\t\t\t\t\t\t\t\t<span class=\"elementor-accordion-icon elementor-accordion-icon-left\" aria-hidden=\"true\">\n\t\t\t\t\t\t\t\t\t\t\t\t\t\t\t<span class=\"elementor-accordion-icon-closed\"><i class=\"fas fa-plus\"><\/i><\/span>\n\t\t\t\t\t\t\t\t<span class=\"elementor-accordion-icon-opened\"><i class=\"fas fa-minus\"><\/i><\/span>\n\t\t\t\t\t\t\t\t\t\t\t\t\t\t<\/span>\n\t\t\t\t\t\t\t\t\t\t\t\t<a class=\"elementor-accordion-title\" tabindex=\"0\">COMUNIDADY ESTABLECIMIENTO DE UNA RED<\/a>\n\t\t\t\t\t<\/div>\n\t\t\t\t\t<div id=\"elementor-tab-content-1793\" class=\"elementor-tab-content elementor-clearfix\" data-tab=\"3\" role=\"region\" aria-labelledby=\"elementor-tab-title-1793\"><p><strong>\u00bfLa comunidad tambi\u00e9n es internacional?<\/strong><\/p><p>Hoy, los idiomas hablados en la comunidad de Startrust son Portugu\u00e9s, ingl\u00e9s, espa\u00f1ol y franc\u00e9s, con Asesores Startrust distribu\u00eddos entre diversos pa\u00edses, como Brasil, Estados Unidos, Colombia, M\u00e9xico, Francia y m\u00e1s.<\/p><p><strong>\u00bfC\u00f3mo tengo acceso a la comunidad?<\/strong><\/p><p>La comunidad de Startrust est\u00e1 siempre en l\u00ednea y su acceso se da a trav\u00e9s de la plataforma dedicada y exclusiva para los Consejeros.<\/p><p><strong>\u00bfC\u00f3mo tengo acceso a la comunidad?<\/strong><\/p><p>Es com\u00fan que algunos proyectos corporativos requieran m\u00e1s de un Asesor y cada uno es libre de realizar la red de trabajo con sus compa\u00f1eros. Solo se\u00f1alamos que no somos responsables de las sociedades originadas dentro de la Comunidad Startrust. <\/p><p><strong>En caso de la cancelaci\u00f3n, \u00bfpuedo continuar participando?<\/strong><\/p><p>Un consejero de Startrust siempre ser\u00e1 un consejero Startrust. Toda la red de trabajo que haya hecho, continuar\u00e1 siendo suya. No obstante, se revocar\u00e1 el acceso a la plataforma.  <\/p><\/div>\n\t\t\t\t<\/div>\n\t\t\t\t\t\t\t<div class=\"elementor-accordion-item\">\n\t\t\t\t\t<div id=\"elementor-tab-title-1794\" class=\"elementor-tab-title\" data-tab=\"4\" role=\"button\" aria-controls=\"elementor-tab-content-1794\" aria-expanded=\"false\">\n\t\t\t\t\t\t\t\t\t\t\t\t\t<span class=\"elementor-accordion-icon elementor-accordion-icon-left\" aria-hidden=\"true\">\n\t\t\t\t\t\t\t\t\t\t\t\t\t\t\t<span class=\"elementor-accordion-icon-closed\"><i class=\"fas fa-plus\"><\/i><\/span>\n\t\t\t\t\t\t\t\t<span class=\"elementor-accordion-icon-opened\"><i class=\"fas fa-minus\"><\/i><\/span>\n\t\t\t\t\t\t\t\t\t\t\t\t\t\t<\/span>\n\t\t\t\t\t\t\t\t\t\t\t\t<a class=\"elementor-accordion-title\" tabindex=\"0\">PAGOS<\/a>\n\t\t\t\t\t<\/div>\n\t\t\t\t\t<div id=\"elementor-tab-content-1794\" class=\"elementor-tab-content elementor-clearfix\" data-tab=\"4\" role=\"region\" aria-labelledby=\"elementor-tab-title-1794\"><p><strong>\u00bfCu\u00e1les son los modos de pago disponibles?<\/strong><\/p><p>Usted puede realizar el pago usando tarjeta de cr\u00e9dito o depositando en el banco (en este caso solo suscripci\u00f3n anual pago en efectivo).<\/p><p><strong>\u00bfQu\u00e9 sucede despu\u00e9s de 12 meses de uso de la plataforma con los datos de mis clientes?<\/strong><\/p><p>En conformidad con la Ley General de Protecci\u00f3n de Datos, sus datos y los de sus clientes continuar\u00e1n disponibles para usted a\u00fan despu\u00e9s de la conclusi\u00f3n del per\u00edodo del uso de la plataforma. A partir del 13\u00ba mes, usted podr\u00e1 continuar gozando de las ventajas del servicio a trav\u00e9s de una suscripci\u00f3n mensual. <\/p><p><strong>\u00bfEn caso de cancelaci\u00f3n qu\u00e9 sucede con estos datos?<\/strong><\/p><p>Sus datos y los de sus clientes seguir\u00e1n disponibles a\u00fan despu\u00e9s de la cancelaci\u00f3n de la suscripci\u00f3n.<\/p><\/div>\n\t\t\t\t<\/div>\n\t\t\t\t\t\t\t<div class=\"elementor-accordion-item\">\n\t\t\t\t\t<div id=\"elementor-tab-title-1795\" class=\"elementor-tab-title\" data-tab=\"5\" role=\"button\" aria-controls=\"elementor-tab-content-1795\" aria-expanded=\"false\">\n\t\t\t\t\t\t\t\t\t\t\t\t\t<span class=\"elementor-accordion-icon elementor-accordion-icon-left\" aria-hidden=\"true\">\n\t\t\t\t\t\t\t\t\t\t\t\t\t\t\t<span class=\"elementor-accordion-icon-closed\"><i class=\"fas fa-plus\"><\/i><\/span>\n\t\t\t\t\t\t\t\t<span class=\"elementor-accordion-icon-opened\"><i class=\"fas fa-minus\"><\/i><\/span>\n\t\t\t\t\t\t\t\t\t\t\t\t\t\t<\/span>\n\t\t\t\t\t\t\t\t\t\t\t\t<a class=\"elementor-accordion-title\" tabindex=\"0\">PROMOCI\u00d3N Y VENTAS<\/a>\n\t\t\t\t\t<\/div>\n\t\t\t\t\t<div id=\"elementor-tab-content-1795\" class=\"elementor-tab-content elementor-clearfix\" data-tab=\"5\" role=\"region\" aria-labelledby=\"elementor-tab-title-1795\"><p><strong>\u00bfRecibir\u00e9 material promocional para vender mis servicios?<\/strong><\/p><p>S\u00ed. Qui\u00e9n es parte de la comunidad de Startrust tiene acceso total al material de ayuda para divulgar de forma f\u00e1cil y vender mejor. <\/p><p><strong>\u00bfVoy a recibir ayuda para vender mis servicios de confianza?<\/strong><\/p><p>S\u00ed. Convirti\u00e9ndose en Consejero con el reconocimiento en la comunidad, usted estar\u00e1 apto para recibir indicaciones entre los clientes corporativos de EGG Science, empresa responsable por Startrust. <\/p><\/div>\n\t\t\t\t<\/div>\n\t\t\t\t\t\t\t<div class=\"elementor-accordion-item\">\n\t\t\t\t\t<div id=\"elementor-tab-title-1796\" class=\"elementor-tab-title\" data-tab=\"6\" role=\"button\" aria-controls=\"elementor-tab-content-1796\" aria-expanded=\"false\">\n\t\t\t\t\t\t\t\t\t\t\t\t\t<span class=\"elementor-accordion-icon elementor-accordion-icon-left\" aria-hidden=\"true\">\n\t\t\t\t\t\t\t\t\t\t\t\t\t\t\t<span class=\"elementor-accordion-icon-closed\"><i class=\"fas fa-plus\"><\/i><\/span>\n\t\t\t\t\t\t\t\t<span class=\"elementor-accordion-icon-opened\"><i class=\"fas fa-minus\"><\/i><\/span>\n\t\t\t\t\t\t\t\t\t\t\t\t\t\t<\/span>\n\t\t\t\t\t\t\t\t\t\t\t\t<a class=\"elementor-accordion-title\" tabindex=\"0\">M\u00c9TODO<\/a>\n\t\t\t\t\t<\/div>\n\t\t\t\t\t<div id=\"elementor-tab-content-1796\" class=\"elementor-tab-content elementor-clearfix\" data-tab=\"6\" role=\"region\" aria-labelledby=\"elementor-tab-title-1796\"><p><strong>\u00bfQui\u00e9n cre\u00f3 el m\u00e9todo Startrust?<\/strong><\/p><p>El idealizador del m\u00e9todo es Cyrille Schneider. Sus socios Nicolas Gounin, Jomar Filho y Eric Chabot tienen una participaci\u00f3n activa en el desarrollo del m\u00e9todo y de la herramienta de asesor\u00eda desde la creaci\u00f3n EGG Science, empresa responsable por los derechos de la marca Startrust. <\/p><p><strong>\u00bfQui\u00e9n desarrolla la plataforma?<\/strong><\/p><p>La teor\u00eda, m\u00e9todo, algoritmo, cuestionarios e informes son todos de propiedad de <a href=\"https:\/\/eggscience.com\/\">EGG Science<\/a>.<\/p><\/div>\n\t\t\t\t<\/div>\n\t\t\t\t\t\t\t\t<\/div>\n\t\t\t\t\t\t<\/div>\n\t\t\t\t<\/div>\n\t\t\t\t\t<\/div>\n\t\t<\/div>\n\t\t\t\t\t<\/div>\n\t\t<\/section>\n\t\t\t\t<\/div>\n\t\t","protected":false},"excerpt":{"rendered":"<p>FAQ Perguntas Frequentes Formaci\u00f3n \u00bfCu\u00e1nto dura la certificaci\u00f3n? La certificaci\u00f3n SEA (Consejero Ejecutivo Startrust) tiene una carga horaria de 20 horas. Como es a trav\u00e9s de una plataforma en l\u00ednea, la fecha l\u00edmite para completar esta carga de trabajo queda a su discreci\u00f3n. \u00bfCu\u00e1les son los formatos y modalidades de la formaci\u00f3n? La capacitaci\u00f3n de Startrust se realiza completamente en l\u00ednea y est\u00e1 disponible en las siguientes modalidades: presencial, online en vivo y EAD. Para m\u00e1s informaci\u00f3n sobre la agenda, entre en contacto con nosotros. \u00bfLa certificaci\u00f3n es reconocida internacionalmente? S\u00ed. Startrust est\u00e1 presente a nivel mundial y su certificaci\u00f3n&#8230;<\/p>\n","protected":false},"author":5,"featured_media":0,"parent":0,"menu_order":0,"comment_status":"closed","ping_status":"closed","template":"elementor_header_footer","meta":{"footnotes":""},"class_list":["post-10727","page","type-page","status-publish","hentry"],"_links":{"self":[{"href":"https:\/\/startrust.eggscience.com\/es\/wp-json\/wp\/v2\/pages\/10727","targetHints":{"allow":["GET"]}}],"collection":[{"href":"https:\/\/startrust.eggscience.com\/es\/wp-json\/wp\/v2\/pages"}],"about":[{"href":"https:\/\/startrust.eggscience.com\/es\/wp-json\/wp\/v2\/types\/page"}],"author":[{"embeddable":true,"href":"https:\/\/startrust.eggscience.com\/es\/wp-json\/wp\/v2\/users\/5"}],"replies":[{"embeddable":true,"href":"https:\/\/startrust.eggscience.com\/es\/wp-json\/wp\/v2\/comments?post=10727"}],"version-history":[{"count":1,"href":"https:\/\/startrust.eggscience.com\/es\/wp-json\/wp\/v2\/pages\/10727\/revisions"}],"predecessor-version":[{"id":10728,"href":"https:\/\/startrust.eggscience.com\/es\/wp-json\/wp\/v2\/pages\/10727\/revisions\/10728"}],"wp:attachment":[{"href":"https:\/\/startrust.eggscience.com\/es\/wp-json\/wp\/v2\/media?parent=10727"}],"curies":[{"name":"wp","href":"https:\/\/api.w.org\/{rel}","templated":true}]}}