{"id":10493,"date":"2020-08-12T07:29:31","date_gmt":"2020-08-12T07:29:31","guid":{"rendered":"https:\/\/startrust.eggscience.app\/sobre-nosotros\/"},"modified":"2023-05-03T14:52:30","modified_gmt":"2023-05-03T14:52:30","slug":"sobre-nosotros","status":"publish","type":"page","link":"https:\/\/startrust.eggscience.com\/es\/sobre-nosotros\/","title":{"rendered":"Sobre Nosotros"},"content":{"rendered":"\t\t<div data-elementor-type=\"wp-page\" data-elementor-id=\"10493\" class=\"elementor elementor-10493 elementor-158\">\n\t\t\t\t\t\t<section class=\"elementor-section elementor-top-section elementor-element elementor-element-7e00785 elementor-section-full_width elementor-section-height-default elementor-section-height-default\" data-id=\"7e00785\" data-element_type=\"section\">\n\t\t\t\t\t\t<div class=\"elementor-container elementor-column-gap-no\">\n\t\t\t\t\t<div class=\"elementor-column elementor-col-100 elementor-top-column elementor-element elementor-element-6cfc27f\" data-id=\"6cfc27f\" data-element_type=\"column\">\n\t\t\t<div class=\"elementor-widget-wrap elementor-element-populated\">\n\t\t\t\t\t\t<div class=\"elementor-element elementor-element-7d2fc8d elementor-widget elementor-widget-page-title\" data-id=\"7d2fc8d\" data-element_type=\"widget\" data-widget_type=\"page-title.default\">\n\t\t\t\t<div class=\"elementor-widget-container\">\n\t\t\t<div class=\"page-title custom-height pt-has-bg-img pt-align-center\" style=\"background-image: url(https:\/\/ajdethemes.com\/adri-v2-data\/impact-mp\/wp-content\/uploads\/2021\/08\/pt-bg-12.jpg);\"><div class=\"container\"><div class=\"row\"><div class=\"col-lg-12\"><div class=\"pt-style-2\"><h1 class=\"entry-title\">Sobre nosotros<\/h1><\/div><\/div><\/div><\/div><\/div>\t\t<\/div>\n\t\t\t\t<\/div>\n\t\t\t\t\t<\/div>\n\t\t<\/div>\n\t\t\t\t\t<\/div>\n\t\t<\/section>\n\t\t\t\t<section class=\"elementor-section elementor-top-section elementor-element elementor-element-86022c0 elementor-section-boxed elementor-section-height-default elementor-section-height-default\" data-id=\"86022c0\" data-element_type=\"section\" data-settings=\"{&quot;background_background&quot;:&quot;classic&quot;}\">\n\t\t\t\t\t\t<div class=\"elementor-container elementor-column-gap-default\">\n\t\t\t\t\t<div class=\"elementor-column elementor-col-100 elementor-top-column elementor-element elementor-element-db2f352\" data-id=\"db2f352\" data-element_type=\"column\">\n\t\t\t<div class=\"elementor-widget-wrap elementor-element-populated\">\n\t\t\t\t\t\t<div class=\"elementor-element elementor-element-6313ea7 elementor-widget elementor-widget-adri-ajdethemes-elements-intro\" data-id=\"6313ea7\" data-element_type=\"widget\" data-widget_type=\"adri-ajdethemes-elements-intro.default\">\n\t\t\t\t<div class=\"elementor-widget-container\">\n\t\t\t<figure class=\"ft-intro\"><div class=\"ft-i-img-wrapper\"><img decoding=\"async\" class=\"rellax\" data-rellax-speed=\"-1\" src=\"http:\/\/startrust.eggscience.com\/wp-content\/uploads\/2023\/05\/Sextant-V.jpg\" alt=\"<b>\u00bfQu\u00e9 es \u201cStartrust\u201d?<\/b>\"><\/div><figcaption class=\"rellax\" data-rellax-speed=\"3\"><div class=\"ft-i-title\"><div class=\"section-title st-underline\"><h4 class=\"st-title\"><b>\u00bfQu\u00e9 es \u201cStartrust\u201d?<\/b><\/h4><\/div><\/div><div class=\"ft-i-description\"><p>Antiguamente, cuando no exist\u00eda la tecnolog\u00eda GPS, los navegantes que viajaban necesitaban encontrar formas de orientarse en sus viajes en el mar. Para esto, uno de sus gu\u00edas m\u00e1s grandes eran las estrellas.<\/p><p>A pesar del mar abierto, a estos navegantes les bastaba localizar\u00a0 estrellas espec\u00edficas para poder trazar sus rutas. Estas estrellas de confianza estuvieron all\u00ed siempre que se necesitaban respuestas y fueron inspiraci\u00f3n de grandes descubrimientos que nos influyen hasta el d\u00eda de hoy. Nuestra capacidad para orientarnos y tomar decisiones determina la consecuci\u00f3n de nuestros objetivos y nuestra felicidad.<\/p><p>En esta l\u00ednea, la confianza se afirma como nuestra estrella gu\u00eda, de la que Startrust es el sextante, el instrumento de orientaci\u00f3n. Condiciona nuestras opciones y se hace presente en casi todos los tipos de relaciones.<\/p><\/div><div class=\"ft-i-footer\"><div class=\"ft-i-footer-info\"><\/div><\/div><\/figcaption><\/figure>\r\n\r\n\t\t\t\t<\/div>\n\t\t\t\t<\/div>\n\t\t\t\t\t<\/div>\n\t\t<\/div>\n\t\t\t\t\t<\/div>\n\t\t<\/section>\n\t\t\t\t<section class=\"elementor-section elementor-top-section elementor-element elementor-element-622f89d elementor-section-boxed elementor-section-height-default elementor-section-height-default\" data-id=\"622f89d\" data-element_type=\"section\">\n\t\t\t\t\t\t<div class=\"elementor-container elementor-column-gap-default\">\n\t\t\t\t\t<div class=\"elementor-column elementor-col-100 elementor-top-column elementor-element elementor-element-bdb8651\" data-id=\"bdb8651\" data-element_type=\"column\">\n\t\t\t<div class=\"elementor-widget-wrap elementor-element-populated\">\n\t\t\t\t\t\t<div class=\"elementor-element elementor-element-9de69c8 elementor-widget elementor-widget-section-title\" data-id=\"9de69c8\" data-element_type=\"widget\" data-widget_type=\"section-title.default\">\n\t\t\t\t<div class=\"elementor-widget-container\">\n\t\t\t<div class=\"section-title\"><span class=\"st-subtitle\">Nuestra Historia<\/span><h2 class=\"st-title\">Todo comenz\u00f3 en el 2012...<\/h2><\/div>\t\t<\/div>\n\t\t\t\t<\/div>\n\t\t\t\t\t<\/div>\n\t\t<\/div>\n\t\t\t\t\t<\/div>\n\t\t<\/section>\n\t\t\t\t<section class=\"elementor-section elementor-top-section elementor-element elementor-element-4fd9896 elementor-section-boxed elementor-section-height-default elementor-section-height-default\" data-id=\"4fd9896\" data-element_type=\"section\">\n\t\t\t\t\t\t<div class=\"elementor-container elementor-column-gap-default\">\n\t\t\t\t\t<div class=\"elementor-column elementor-col-100 elementor-top-column elementor-element elementor-element-15e2e5d\" data-id=\"15e2e5d\" data-element_type=\"column\">\n\t\t\t<div class=\"elementor-widget-wrap elementor-element-populated\">\n\t\t\t\t\t\t<div class=\"elementor-element elementor-element-b804883 elementor-widget elementor-widget-ft-timeline\" data-id=\"b804883\" data-element_type=\"widget\" data-widget_type=\"ft-timeline.default\">\n\t\t\t\t<div class=\"elementor-widget-container\">\n\t\t\t<div class=\"ft-timeline style-compact\"><ul><li><div class=\"ft-timeline-date\"><\/div><span class=\"ft-timeline-dot \"><\/span><div class=\"ft-timeline-content\"><h4 class=\"ft-timeline-title\">2012<\/h4><div class=\"ft-timeline-description\"><p>Un <em>think tank<\/em> formado para m\u00e1s de 100 personas de diversas \u00e1reas (emprendedores, m\u00e9dicos, pol\u00edticos, abogados, etc.) se reuni\u00f3 en Par\u00eds, Francia, para estudiar las motivaciones de la confianza en las relaciones sociales.<\/p><\/div><\/div><\/li><li><div class=\"ft-timeline-date\"><\/div><span class=\"ft-timeline-dot \"><\/span><div class=\"ft-timeline-content\"><h4 class=\"ft-timeline-title\">2015<\/h4><div class=\"ft-timeline-description\"><p>Durante a\u00f1os, se recopilaron miles de historias, situaciones y contextos en los que se pod\u00edan destacar en detalle comportamientos que fomentan la confianza o la desconfianza. Y, finalmente, fue hecho el trabajo de selecci\u00f3n de la informaci\u00f3n que gener\u00f3 el estudio te\u00f3rico de los comportamientos de la confianza.<\/p><\/div><\/div><\/li><li><div class=\"ft-timeline-date\"><\/div><span class=\"ft-timeline-dot \"><\/span><div class=\"ft-timeline-content\"><h4 class=\"ft-timeline-title\">2016<\/h4><div class=\"ft-timeline-description\"><p>Eric Chabot crea el primer entrenamiento basado en estos estudios de comportamiento.<\/p><\/div><\/div><\/li><li><div class=\"ft-timeline-date\"><\/div><span class=\"ft-timeline-dot \"><\/span><div class=\"ft-timeline-content\"><h4 class=\"ft-timeline-title\">2018<\/h4><div class=\"ft-timeline-description\"><p>Con el objetivo de aplicar y transmitir de forma pluralizada los conocimientos acumulados con ese primer grupo y con la formaci\u00f3n en la capacitaci\u00f3n de Chabot, Cyrille Schneider crea el primer algoritmo Startrust.<\/p><\/div><\/div><\/li><li><div class=\"ft-timeline-date\"><\/div><span class=\"ft-timeline-dot \"><\/span><div class=\"ft-timeline-content\"><h4 class=\"ft-timeline-title\">2019<\/h4><div class=\"ft-timeline-description\"><p>Los Embajadores de Startrust, que incluyen ejecutivos privados y p\u00fablicos, empresarios, psic\u00f3logos y otros expertos, validan el modelo matem\u00e1tico y la precisi\u00f3n de los resultados de Startrust.<\/p><\/div><\/div><\/li><li><div class=\"ft-timeline-date\"><\/div><span class=\"ft-timeline-dot \"><\/span><div class=\"ft-timeline-content\"><h4 class=\"ft-timeline-title\">2020<\/h4><div class=\"ft-timeline-description\"><p>Fundaci\u00f3n del <a href=\"http:\/\/www.eggscience.com\">EGG Science\u00ae<\/a>, empresa responsable por Startrust y sus derivaciones.<\/p><p>Lanzamiento de la plataforma completamente automatizada de Startrust, traducida a cuatro idiomas: portugu\u00e9s, ingl\u00e9s, espa\u00f1ol y franc\u00e9s.<\/p><p>El primer grupo de la certificaci\u00f3n se forma.<\/p><\/div><\/div><\/li><li><div class=\"ft-timeline-date\"><\/div><span class=\"ft-timeline-dot \"><\/span><div class=\"ft-timeline-content\"><h4 class=\"ft-timeline-title\">2021<\/h4><div class=\"ft-timeline-description\"><p>Con sociedades, continuamos desarrollando nuestra plataforma, creando las versiones para dos de nuestras especializaciones: Startrust <em>Manager<\/em> y\u00a0 Startrust <em>Entrepreneur<\/em>.<\/p><p>El primer grupo de la certificaci\u00f3n de Am\u00e9rica latina se grad\u00faa.<\/p><\/div><\/div><\/li><li class=\"ft-timeline-current\"><div class=\"ft-timeline-date\"><\/div><span class=\"ft-timeline-dot \"><\/span><div class=\"ft-timeline-content\"><h4 class=\"ft-timeline-title\">2022<\/h4><div class=\"ft-timeline-description\"><p>Lanzamiento de la herramienta de Startrust con firma ilimitada a nivel mundial.<\/p><p>Se crean las versiones: Startrust <em>Employee<\/em> y Startrust <em>Personal<\/em>.<\/p><\/div><\/div><\/li><\/ul><\/div>\t\t<\/div>\n\t\t\t\t<\/div>\n\t\t\t\t\t<\/div>\n\t\t<\/div>\n\t\t\t\t\t<\/div>\n\t\t<\/section>\n\t\t\t\t<section class=\"elementor-section elementor-top-section elementor-element elementor-element-d36a6b5 elementor-section-boxed elementor-section-height-default elementor-section-height-default\" data-id=\"d36a6b5\" data-element_type=\"section\">\n\t\t\t\t\t\t<div class=\"elementor-container elementor-column-gap-default\">\n\t\t\t\t\t<div class=\"elementor-column elementor-col-100 elementor-top-column elementor-element elementor-element-b3dafdc\" data-id=\"b3dafdc\" data-element_type=\"column\">\n\t\t\t<div class=\"elementor-widget-wrap elementor-element-populated\">\n\t\t\t\t\t\t<div class=\"elementor-element elementor-element-e8a8511 elementor-widget elementor-widget-section-title\" data-id=\"e8a8511\" data-element_type=\"widget\" data-widget_type=\"section-title.default\">\n\t\t\t\t<div class=\"elementor-widget-container\">\n\t\t\t<div class=\"section-title\"><span class=\"st-subtitle\"><\/span><h2 class=\"st-title\">Idealizadores<\/h2><\/div>\t\t<\/div>\n\t\t\t\t<\/div>\n\t\t\t\t\t<\/div>\n\t\t<\/div>\n\t\t\t\t\t<\/div>\n\t\t<\/section>\n\t\t\t\t<section class=\"elementor-section elementor-top-section elementor-element elementor-element-230180f elementor-section-boxed elementor-section-height-default elementor-section-height-default\" data-id=\"230180f\" data-element_type=\"section\">\n\t\t\t\t\t\t<div class=\"elementor-container elementor-column-gap-default\">\n\t\t\t\t\t<div class=\"elementor-column elementor-col-25 elementor-top-column elementor-element elementor-element-6cacfd4\" data-id=\"6cacfd4\" data-element_type=\"column\">\n\t\t\t<div class=\"elementor-widget-wrap elementor-element-populated\">\n\t\t\t\t\t\t<div class=\"elementor-element elementor-element-55add30 animated-slow elementor-invisible elementor-widget elementor-widget-team-card\" data-id=\"55add30\" data-element_type=\"widget\" data-settings=\"{&quot;_animation&quot;:&quot;fadeIn&quot;,&quot;_animation_delay&quot;:200}\" data-widget_type=\"team-card.default\">\n\t\t\t\t<div class=\"elementor-widget-container\">\n\t\t\t<div class=\"team-card\"><div class=\"tm-img-wrapper\"><img decoding=\"async\" src=\"https:\/\/startrust.eggscience.com\/wp-content\/uploads\/2022\/03\/Sem-titulo-19_Prancheta-1-scaled.jpg\" title=\"Sem t\u00edtulo-19_Prancheta 1\" alt=\"Sem t\u00edtulo-19_Prancheta 1\" loading=\"lazy\" \/><div class=\"tm-bio\"><h3 class=\"tm-title\"><\/h3><p class=\"tm-description\"><\/p><div class=\"tm-icon-links\">\r\n        <ul class=\"social-icons \">\r\n            \n<li>\r\n                    <a href='https:\/\/www.linkedin.com\/in\/cyrilleschneider\/'>\r\n                        <i class='fab fa-linkedin-in'><\/i>\r\n                    <\/a>\r\n                <\/li>\n\r\n        <\/ul><\/div><\/div><\/div><div class=\"tm-info\"><h4 class=\"tm-name\">Cyrille Schneider<\/h4><span class=\"tm-role\">Director Comercial<\/span><a href=\"#\" class=\"btn-bio\"><span><\/span><\/a><\/div><\/div>\t\t\t\t<\/div>\n\t\t\t\t<\/div>\n\t\t\t\t\t<\/div>\n\t\t<\/div>\n\t\t\t\t<div class=\"elementor-column elementor-col-25 elementor-top-column elementor-element elementor-element-a15e51d\" data-id=\"a15e51d\" data-element_type=\"column\">\n\t\t\t<div class=\"elementor-widget-wrap elementor-element-populated\">\n\t\t\t\t\t\t<div class=\"elementor-element elementor-element-e31d487 animated-slow elementor-invisible elementor-widget elementor-widget-team-card\" data-id=\"e31d487\" data-element_type=\"widget\" data-settings=\"{&quot;_animation&quot;:&quot;fadeIn&quot;,&quot;_animation_delay&quot;:400}\" data-widget_type=\"team-card.default\">\n\t\t\t\t<div class=\"elementor-widget-container\">\n\t\t\t<div class=\"team-card\"><div class=\"tm-img-wrapper\"><img decoding=\"async\" src=\"https:\/\/startrust.eggscience.com\/wp-content\/uploads\/2022\/03\/Sem-titulo-19-03-scaled.jpg\" title=\"Sem t\u00edtulo-19-03\" alt=\"Sem t\u00edtulo-19-03\" loading=\"lazy\" \/><div class=\"tm-bio\"><h3 class=\"tm-title\"><\/h3><p class=\"tm-description\"><\/p><div class=\"tm-icon-links\">\r\n        <ul class=\"social-icons \">\r\n            \n<li>\r\n                    <a href='https:\/\/www.linkedin.com\/in\/nicolasgounin\/'>\r\n                        <i class='fab fa-linkedin-in'><\/i>\r\n                    <\/a>\r\n                <\/li>\n\r\n        <\/ul><\/div><\/div><\/div><div class=\"tm-info\"><h4 class=\"tm-name\">Nicolas Gounin<\/h4><span class=\"tm-role\">Director de Operaciones<\/span><a href=\"#\" class=\"btn-bio\"><span><\/span><\/a><\/div><\/div>\t\t\t\t<\/div>\n\t\t\t\t<\/div>\n\t\t\t\t\t<\/div>\n\t\t<\/div>\n\t\t\t\t<div class=\"elementor-column elementor-col-25 elementor-top-column elementor-element elementor-element-c4a0521\" data-id=\"c4a0521\" data-element_type=\"column\">\n\t\t\t<div class=\"elementor-widget-wrap elementor-element-populated\">\n\t\t\t\t\t\t<div class=\"elementor-element elementor-element-d0bb6ea animated-slow elementor-invisible elementor-widget elementor-widget-team-card\" data-id=\"d0bb6ea\" data-element_type=\"widget\" data-settings=\"{&quot;_animation&quot;:&quot;fadeIn&quot;,&quot;_animation_delay&quot;:600}\" data-widget_type=\"team-card.default\">\n\t\t\t\t<div class=\"elementor-widget-container\">\n\t\t\t<div class=\"team-card\"><div class=\"tm-img-wrapper\"><img decoding=\"async\" src=\"https:\/\/startrust.eggscience.com\/wp-content\/uploads\/2022\/03\/Sem-titulo-19-02-scaled.jpg\" title=\"Sem t\u00edtulo-19-02\" alt=\"Sem t\u00edtulo-19-02\" loading=\"lazy\" \/><div class=\"tm-bio\"><h3 class=\"tm-title\"><\/h3><p class=\"tm-description\"><\/p><div class=\"tm-icon-links\">\r\n        <ul class=\"social-icons \">\r\n            \n<li>\r\n                    <a href='https:\/\/www.linkedin.com\/in\/jomar-filho\/'>\r\n                        <i class='fab fa-linkedin-in'><\/i>\r\n                    <\/a>\r\n                <\/li>\n\r\n        <\/ul><\/div><\/div><\/div><div class=\"tm-info\"><h4 class=\"tm-name\">Jomar Filho<\/h4><span class=\"tm-role\">Director de Metodolog\u00edas<\/span><a href=\"#\" class=\"btn-bio\"><span><\/span><\/a><\/div><\/div>\t\t\t\t<\/div>\n\t\t\t\t<\/div>\n\t\t\t\t\t<\/div>\n\t\t<\/div>\n\t\t\t\t<div class=\"elementor-column elementor-col-25 elementor-top-column elementor-element elementor-element-ab7b427\" data-id=\"ab7b427\" data-element_type=\"column\">\n\t\t\t<div class=\"elementor-widget-wrap elementor-element-populated\">\n\t\t\t\t\t\t<div class=\"elementor-element elementor-element-b60b334 animated-slow elementor-invisible elementor-widget elementor-widget-team-card\" data-id=\"b60b334\" data-element_type=\"widget\" data-settings=\"{&quot;_animation&quot;:&quot;fadeIn&quot;,&quot;_animation_delay&quot;:600}\" data-widget_type=\"team-card.default\">\n\t\t\t\t<div class=\"elementor-widget-container\">\n\t\t\t<div class=\"team-card\"><div class=\"tm-img-wrapper\"><img decoding=\"async\" src=\"https:\/\/startrust.eggscience.com\/wp-content\/uploads\/2022\/05\/Eric-1.jpg\" title=\"Eric\" alt=\"Eric\" loading=\"lazy\" \/><div class=\"tm-bio\"><h3 class=\"tm-title\"><\/h3><p class=\"tm-description\"><\/p><div class=\"tm-icon-links\">\r\n        <ul class=\"social-icons \">\r\n            \n<li>\r\n                    <a href='https:\/\/www.linkedin.com\/in\/eric-chabot\/'>\r\n                        <i class='fab fa-linkedin-in'><\/i>\r\n                    <\/a>\r\n                <\/li>\n\r\n        <\/ul><\/div><\/div><\/div><div class=\"tm-info\"><h4 class=\"tm-name\">Eric Chabot<\/h4><span class=\"tm-role\">Director Fran\u00e7a<\/span><a href=\"#\" class=\"btn-bio\"><span><\/span><\/a><\/div><\/div>\t\t\t\t<\/div>\n\t\t\t\t<\/div>\n\t\t\t\t\t<\/div>\n\t\t<\/div>\n\t\t\t\t\t<\/div>\n\t\t<\/section>\n\t\t\t\t<\/div>\n\t\t","protected":false},"excerpt":{"rendered":"<p>Sobre nosotros<\/p>\n","protected":false},"author":5,"featured_media":0,"parent":0,"menu_order":0,"comment_status":"closed","ping_status":"closed","template":"elementor_header_footer","meta":{"footnotes":""},"class_list":["post-10493","page","type-page","status-publish","hentry"],"_links":{"self":[{"href":"https:\/\/startrust.eggscience.com\/es\/wp-json\/wp\/v2\/pages\/10493","targetHints":{"allow":["GET"]}}],"collection":[{"href":"https:\/\/startrust.eggscience.com\/es\/wp-json\/wp\/v2\/pages"}],"about":[{"href":"https:\/\/startrust.eggscience.com\/es\/wp-json\/wp\/v2\/types\/page"}],"author":[{"embeddable":true,"href":"https:\/\/startrust.eggscience.com\/es\/wp-json\/wp\/v2\/users\/5"}],"replies":[{"embeddable":true,"href":"https:\/\/startrust.eggscience.com\/es\/wp-json\/wp\/v2\/comments?post=10493"}],"version-history":[{"count":19,"href":"https:\/\/startrust.eggscience.com\/es\/wp-json\/wp\/v2\/pages\/10493\/revisions"}],"predecessor-version":[{"id":13275,"href":"https:\/\/startrust.eggscience.com\/es\/wp-json\/wp\/v2\/pages\/10493\/revisions\/13275"}],"wp:attachment":[{"href":"https:\/\/startrust.eggscience.com\/es\/wp-json\/wp\/v2\/media?parent=10493"}],"curies":[{"name":"wp","href":"https:\/\/api.w.org\/{rel}","templated":true}]}}