{"id":10491,"date":"2022-03-11T14:37:00","date_gmt":"2022-03-11T14:37:00","guid":{"rendered":"https:\/\/startrust.eggscience.app\/privacidad-de-datos\/"},"modified":"2022-05-06T15:58:37","modified_gmt":"2022-05-06T15:58:37","slug":"privacidad-de-datos","status":"publish","type":"page","link":"https:\/\/startrust.eggscience.com\/es\/privacidad-de-datos\/","title":{"rendered":"Privacidad de datos"},"content":{"rendered":"\n<h2 class=\"wp-block-heading\">\u00a1Su privacidad es muy importante!<\/h2>\n\n<p>En el equipo de Startrust consideramos que el derecho al secreto, confidencialidad, privacidad y seguridad de los datos personales es extremadamente importante. Por lo tanto, en los t\u00e9rminos de la<strong>Ley General de Protecci\u00f3n de Datos (LGPD &#8211; Ley N\u00ba 13.709\/18)<\/strong> y leyes subordinadas, respetamos y aseguramos su protecci\u00f3n.<\/p>\n\n<p>As\u00ed, al acceder a nuestra plataforma en l\u00ednea para completar los cuestionarios estandarizados en l\u00ednea de An\u00e1lisis de Comportamiento (evaluaci\u00f3n), usted, colaborador de nuestro cliente contratante, podr\u00e1 compartir sus datos personales con nosotros (nombre, correo electr\u00f3nico y tel\u00e9fono), siempre que lo haga de forma voluntaria y espont\u00e1nea. El prop\u00f3sito de esta recopilaci\u00f3n de datos por parte de las herramientas de evaluaci\u00f3n es medir competencias a trav\u00e9s del an\u00e1lisis de comportamiento y promover el desarrollo. Por lo tanto, el llenado y env\u00edo de sus datos personales reflejar\u00e1n su consentimiento expreso.<\/p>\n\n<p>Para el desarrollo de este trabajo, Startrust podr\u00e1 compartir sus datos personales con colaboradores y socios directamente involucrados en el proyecto, todos debidamente vinculados a la misma pol\u00edtica de preservaci\u00f3n de privacidad que gu\u00eda nuestra actuaci\u00f3n.<\/p>\n\n<p>Startrust mantendr\u00e1 sus datos personales almacenados en formato digital mientras dure el contrato o por un per\u00edodo m\u00e1ximo de 12 (doce) meses.<\/p>\n\n<p>Si desea solicitar la eliminaci\u00f3n de sus datos de nuestra base de datos, simplemente env\u00ede un correo electr\u00f3nico a <strong>contact@eggscience.com<\/strong> en cualquier momento, informando: nombre completo y n\u00famero de Registro de Contribuyente (CPF). Sus datos ser\u00e1n eliminados dentro de las 24 horas siguientes a la recepci\u00f3n de su solicitud.<\/p>\n\n<p>Startrust se\u00f1ala, finalmente, que el art. 18 de la Ley General de Protecci\u00f3n de Datos, asegura al titular de datos personales compartidos con terceros, el derecho a obtener del respectivo destinatario, en cualquier momento, la confirmaci\u00f3n de la existencia del tratamiento, acceso, rectificaci\u00f3n\/edici\u00f3n de datos, el acto de anonimizar, bloquear o eliminar los datos, su portabilidad a otro proveedor de servicios o productos, informaci\u00f3n sobre las entidades con las que se hayan podido compartir los datos, informaci\u00f3n sobre la posibilidad de no otorgar el consentimiento para el tratamiento de los datos y sobre las consecuencias de la negativa y, finalmente, revocar su consentimiento en relaci\u00f3n con el intercambio.<\/p>\n","protected":false},"excerpt":{"rendered":"<p>\u00a1Su privacidad es muy importante! En el equipo de Startrust consideramos que el derecho al secreto, confidencialidad, privacidad y seguridad de los datos personales es extremadamente importante. Por lo tanto, en los t\u00e9rminos de laLey General de Protecci\u00f3n de Datos (LGPD &#8211; Ley N\u00ba 13.709\/18) y leyes subordinadas, respetamos y aseguramos su protecci\u00f3n. As\u00ed, al acceder a nuestra plataforma en l\u00ednea para completar los cuestionarios estandarizados en l\u00ednea de An\u00e1lisis de Comportamiento (evaluaci\u00f3n), usted, colaborador de nuestro cliente contratante, podr\u00e1 compartir sus datos personales con nosotros (nombre, correo electr\u00f3nico y tel\u00e9fono), siempre que lo haga de forma voluntaria y espont\u00e1nea&#8230;.<\/p>\n","protected":false},"author":5,"featured_media":0,"parent":0,"menu_order":0,"comment_status":"closed","ping_status":"closed","template":"","meta":{"footnotes":""},"class_list":["post-10491","page","type-page","status-publish","hentry"],"_links":{"self":[{"href":"https:\/\/startrust.eggscience.com\/es\/wp-json\/wp\/v2\/pages\/10491","targetHints":{"allow":["GET"]}}],"collection":[{"href":"https:\/\/startrust.eggscience.com\/es\/wp-json\/wp\/v2\/pages"}],"about":[{"href":"https:\/\/startrust.eggscience.com\/es\/wp-json\/wp\/v2\/types\/page"}],"author":[{"embeddable":true,"href":"https:\/\/startrust.eggscience.com\/es\/wp-json\/wp\/v2\/users\/5"}],"replies":[{"embeddable":true,"href":"https:\/\/startrust.eggscience.com\/es\/wp-json\/wp\/v2\/comments?post=10491"}],"version-history":[{"count":1,"href":"https:\/\/startrust.eggscience.com\/es\/wp-json\/wp\/v2\/pages\/10491\/revisions"}],"predecessor-version":[{"id":10492,"href":"https:\/\/startrust.eggscience.com\/es\/wp-json\/wp\/v2\/pages\/10491\/revisions\/10492"}],"wp:attachment":[{"href":"https:\/\/startrust.eggscience.com\/es\/wp-json\/wp\/v2\/media?parent=10491"}],"curies":[{"name":"wp","href":"https:\/\/api.w.org\/{rel}","templated":true}]}}